{"id":6695,"date":"2024-08-08T22:16:10","date_gmt":"2024-08-08T15:16:10","guid":{"rendered":"https:\/\/nhomkinhhungthinhdn.com\/?post_type=product&#038;p=6695"},"modified":"2026-01-26T14:09:54","modified_gmt":"2026-01-26T07:09:54","slug":"bo-xa-nuoc-tu-dong-orion","status":"publish","type":"product","link":"https:\/\/phuchungvn.com.vn\/en\/bo-xa-nuoc-tu-dong-orion\/","title":{"rendered":"Automatic water flushing kit \u2013 ORION"},"content":{"rendered":"<h2 data-start=\"1156\" data-end=\"1200\"><strong data-start=\"1159\" data-end=\"1200\">Overview of the ORION automatic flushing system<\/strong><\/h2>\n<p data-start=\"1201\" data-end=\"1406\"><span class=\"hover:entity-accent entity-underline inline cursor-pointer align-baseline\"><span class=\"whitespace-normal\">ORION<\/span><\/span> is a reputable brand in the field <strong data-start=\"1276\" data-end=\"1304\">pneumatic auxiliary equipment<\/strong>, particularly notable for its solutions <strong data-start=\"1341\" data-end=\"1369\">automatic condensate drain<\/strong> it has high durability and stable reliability.<\/p>\n<p data-start=\"1252\" data-end=\"1455\">ORION l\u00e0 <strong data-start=\"1261\" data-end=\"1314\">Japan's leading manufacturer of automatic flushing systems<\/strong>, and at the same time is <strong data-start=\"1329\" data-end=\"1376\">the number one brand of choice in Vietnam<\/strong>, accounting for approximately <strong data-start=\"1391\" data-end=\"1407\">70% market share<\/strong> in the field of water flushing systems for compressed air systems.<\/p>\n<p data-start=\"1457\" data-end=\"1488\">ORION products are distinguished by:<\/p>\n<ul>\n<li data-start=\"1492\" data-end=\"1532\">High durability \u2013 stable and long-lasting operation<\/li>\n<li data-start=\"1535\" data-end=\"1573\">Precise flushing \u2013 no pressure drop<\/li>\n<li data-start=\"1576\" data-end=\"1617\">Optimized design \u2013 easy to install and maintain<\/li>\n<li data-start=\"1620\" data-end=\"1657\">Suitable for compressed air systems of all sizes<\/li>\n<\/ul>\n<h3 data-start=\"1664\" data-end=\"1705\"><strong data-start=\"1668\" data-end=\"1705\">ORION Automatic Flush System Catalog<\/strong><\/h3>\n<p data-start=\"1707\" data-end=\"1770\">ORION offers a full range of products to meet all technical requirements:<\/p>\n<p data-start=\"1772\" data-end=\"1960\"><strong data-start=\"1772\" data-end=\"1810\">1. Traditional float valve flushing system<\/strong><br data-start=\"1810\" data-end=\"1813\" \/>Model: <strong data-start=\"1820\" data-end=\"1853\">FD-1, FD-2, FD-5, FD-6, FD-10<\/strong><br data-start=\"1853\" data-end=\"1856\" \/>\u2192 Automatically discharges when water level rises<br data-start=\"1890\" data-end=\"1893\" \/>\u2192 Does not cause system pressure drop<br data-start=\"1920\" data-end=\"1923\" \/>\u2192 Simple structure \u2013 high reliability<\/p>\n<p data-start=\"1962\" data-end=\"2157\"><strong data-start=\"1962\" data-end=\"2007\">2. Disc-type flush system \u2013 The legendary AD-5<\/strong><br data-start=\"2007\" data-end=\"2010\" \/>\u2192 Premium Stainless Steel Casing<br data-start=\"2027\" data-end=\"2030\" \/>\u2192 Optimized design, developed over 30 years ago<br data-start=\"2066\" data-end=\"2069\" \/>\u2192 Still trusted globally to this day<br data-start=\"2105\" data-end=\"2108\" \/>\u2192 Exceptional durability \u2013 virtually no need for improvement<\/p>\n<p data-start=\"2159\" data-end=\"2383\"><strong data-start=\"2159\" data-end=\"2205\">3. Energy-saving electronic flushing system<\/strong><br data-start=\"2205\" data-end=\"2208\" \/>Model: <strong data-start=\"2215\" data-end=\"2250\">ADE4B, ADE300, ADE-2-B, ADE-3-E<\/strong><br data-start=\"2250\" data-end=\"2253\" \/>\u2192 Anti-freezing<br data-start=\"2270\" data-end=\"2273\" \/>\u2192 Precise exhaust \u2013 minimize gas loss<br data-start=\"2312\" data-end=\"2315\" \/>\u2192 Save energy<br data-start=\"2337\" data-end=\"2340\" \/>\u2192 Long lifespan \u2013 meeting stringent requirements<\/p>\n<div id=\"attachment_8280\" style=\"width: 1079px\" class=\"wp-caption aligncenter\"><img decoding=\"async\" aria-describedby=\"caption-attachment-8280\" class=\"lazyload wp-image-8280\" src=\"https:\/\/phuchungvn.com.vn\/wp-content\/uploads\/2024\/08\/Bo-xa-nuoc-tu-dong-Orion.jpg\" data-orig-src=\"https:\/\/phuchungvn.com.vn\/wp-content\/uploads\/2024\/08\/Bo-xa-nuoc-tu-dong-Orion.jpg\" alt=\"T\u1ed5ng quan v\u1ec1 b\u1ed9 x\u1ea3 n\u01b0\u1edbc t\u1ef1 \u0111\u1ed9ng ORION\" width=\"1069\" height=\"737\" srcset=\"data:image\/svg+xml,%3Csvg%20xmlns%3D%27http%3A%2F%2Fwww.w3.org%2F2000%2Fsvg%27%20width%3D%271069%27%20height%3D%27737%27%20viewBox%3D%270%200%201069%20737%27%3E%3Crect%20width%3D%271069%27%20height%3D%27737%27%20fill-opacity%3D%220%22%2F%3E%3C%2Fsvg%3E\" data-srcset=\"https:\/\/phuchungvn.com.vn\/wp-content\/uploads\/2024\/08\/Bo-xa-nuoc-tu-dong-Orion-18x12.jpg 18w, https:\/\/phuchungvn.com.vn\/wp-content\/uploads\/2024\/08\/Bo-xa-nuoc-tu-dong-Orion-200x138.jpg 200w, https:\/\/phuchungvn.com.vn\/wp-content\/uploads\/2024\/08\/Bo-xa-nuoc-tu-dong-Orion-300x207.jpg 300w, https:\/\/phuchungvn.com.vn\/wp-content\/uploads\/2024\/08\/Bo-xa-nuoc-tu-dong-Orion-400x276.jpg 400w, https:\/\/phuchungvn.com.vn\/wp-content\/uploads\/2024\/08\/Bo-xa-nuoc-tu-dong-Orion-500x345.jpg 500w, https:\/\/phuchungvn.com.vn\/wp-content\/uploads\/2024\/08\/Bo-xa-nuoc-tu-dong-Orion.jpg 502w\" data-sizes=\"auto\" data-orig-sizes=\"(max-width: 1069px) 100vw, 1069px\" \/><p id=\"caption-attachment-8280\" class=\"wp-caption-text\">Overview of the ORION automatic flushing system<\/p><\/div>\n<h2 data-start=\"1570\" data-end=\"1624\"><strong data-start=\"1573\" data-end=\"1624\">Why do compressed air systems need an automatic drain valve?<\/strong><\/h2>\n<p data-start=\"1625\" data-end=\"1645\">During the compression process:<\/p>\n<p data-start=\"1648\" data-end=\"1688\">The air drawn in always contains <strong data-start=\"1676\" data-end=\"1686\">moisture<\/strong><\/p>\n<p data-start=\"1691\" data-end=\"1743\">During compression and cooling, moisture condenses into <strong data-start=\"1733\" data-end=\"1741\">water<\/strong><\/p>\n<p data-start=\"1746\" data-end=\"1763\">Accumulated water causes:<\/p>\n<ul>\n<li data-start=\"1768\" data-end=\"1786\">Pipe corrosion<\/li>\n<li data-start=\"1791\" data-end=\"1814\">Faulty valve, air cylinder<\/li>\n<li data-start=\"1819\" data-end=\"1862\">Reduces compressor and terminal lifespan.<\/li>\n<\/ul>\n<p data-start=\"1864\" data-end=\"1886\">Manual flushing:<\/p>\n<p data-start=\"1889\" data-end=\"1910\">Human dependence<\/p>\n<p data-start=\"1913\" data-end=\"1938\">Forgetful, inconsistent<\/p>\n<p data-start=\"1941\" data-end=\"1969\">This can <strong data-start=\"1945\" data-end=\"1967\">th\u1ea5t tho\u00e1t kh\u00ed n\u00e9n<\/strong><\/p>\n<p data-start=\"1971\" data-end=\"2039\">\ud83d\udc49 <strong data-start=\"1974\" data-end=\"2002\">ORION automatic water drainer<\/strong> to thoroughly resolve these issues.<\/p>\n<h2 data-start=\"2046\" data-end=\"2101\"><strong data-start=\"2049\" data-end=\"2101\">The operating principle of the ORION automatic flushing system<\/strong><\/h2>\n<ul>\n<li data-start=\"2104\" data-end=\"2153\">Condensate is directed into the drain chamber<\/li>\n<li data-start=\"2156\" data-end=\"2200\">When the water level reaches a certain point, the valve opens automatically<\/li>\n<li data-start=\"2203\" data-end=\"2238\"><strong data-start=\"2203\" data-end=\"2236\">Only release water, not compressed air<\/strong><\/li>\n<li data-start=\"2241\" data-end=\"2282\">After the flushing is complete, the valve closes completely<\/li>\n<\/ul>\n<p data-start=\"2284\" data-end=\"2300\">This mechanism helps to:<\/p>\n<ul>\n<li data-start=\"2303\" data-end=\"2341\">Flush precisely according to the actual amount of water.<\/li>\n<li data-start=\"2344\" data-end=\"2388\">Not dependent on manual installation time<\/li>\n<li data-start=\"2391\" data-end=\"2417\">Reduce energy losses<\/li>\n<\/ul>\n<h2 data-start=\"2424\" data-end=\"2467\"><strong data-start=\"2427\" data-end=\"2467\">Key technical and design features<\/strong><\/h2>\n<h3 data-start=\"2468\" data-end=\"2508\"><strong data-start=\"2472\" data-end=\"2508\">Water discharge without compressed air loss<\/strong><\/h3>\n<ul>\n<li data-start=\"2511\" data-end=\"2543\">Smart sensor\/valve mechanism<\/li>\n<li data-start=\"2546\" data-end=\"2566\">Flush only when water is present<\/li>\n<li data-start=\"2569\" data-end=\"2599\">Maintain stable system pressure<\/li>\n<\/ul>\n<h3 data-start=\"2601\" data-end=\"2635\"><strong data-start=\"2605\" data-end=\"2635\">Fully automatic operation<\/strong><\/h3>\n<ul>\n<li data-start=\"2638\" data-end=\"2668\">No manual intervention required<\/li>\n<li data-start=\"2671\" data-end=\"2703\">Suitable for 24\/7 operating systems<\/li>\n<\/ul>\n<h3 data-start=\"2705\" data-end=\"2742\"><strong data-start=\"2709\" data-end=\"2742\">Compact design \u2013 easy to install<\/strong><\/h3>\n<ul>\n<li data-start=\"2745\" data-end=\"2791\">Install directly into the low points of the system<\/li>\n<li data-start=\"2794\" data-end=\"2827\">Suitable for various locations and equipment<\/li>\n<\/ul>\n<h2 data-start=\"3146\" data-end=\"3197\"><strong data-start=\"3149\" data-end=\"3197\">The outstanding advantages of the ORION automatic flushing system<\/strong><\/h2>\n<ul>\n<li data-start=\"3200\" data-end=\"3237\"><strong data-start=\"3200\" data-end=\"3235\">Protect the entire compressed air system<\/strong><\/li>\n<li data-start=\"3240\" data-end=\"3283\"><strong data-start=\"3240\" data-end=\"3281\">No gas leakage \u2013 saves electricity<\/strong><\/li>\n<li data-start=\"3286\" data-end=\"3325\"><strong data-start=\"3286\" data-end=\"3323\">Reduce damage to pipes and equipment<\/strong><\/li>\n<li data-start=\"3328\" data-end=\"3358\"><strong data-start=\"3328\" data-end=\"3356\">Reliable and stable operation<\/strong><\/li>\n<li data-start=\"3361\" data-end=\"3401\"><strong data-start=\"3361\" data-end=\"3401\">Reasonable investment cost \u2013 high efficiency<\/strong><\/li>\n<\/ul>\n<h2 data-start=\"3408\" data-end=\"3448\"><strong data-start=\"3411\" data-end=\"3448\">Practical applications<\/strong><\/h2>\n<p data-start=\"3449\" data-end=\"3500\">ORION automatic flushing systems are widely used in:<\/p>\n<ul>\n<li data-start=\"3503\" data-end=\"3537\"><strong data-start=\"3503\" data-end=\"3535\">Industrial manufacturing plant<\/strong><\/li>\n<li data-start=\"3540\" data-end=\"3568\"><strong data-start=\"3540\" data-end=\"3566\">Mechanical workshop \u2013 manufacturing<\/strong><\/li>\n<li data-start=\"3571\" data-end=\"3603\"><strong data-start=\"3571\" data-end=\"3601\">Central compressed air system<\/strong><\/li>\n<li data-start=\"3606\" data-end=\"3638\"><strong data-start=\"3606\" data-end=\"3638\">Food and pharmaceutical factories<\/strong><\/li>\n<\/ul>\n<p data-start=\"3640\" data-end=\"3694\">Practical experience shows that the system is equipped with an ORION flushing system:<\/p>\n<ul>\n<li data-start=\"3697\" data-end=\"3731\">Significantly reduces water accumulation<\/li>\n<li data-start=\"3734\" data-end=\"3768\">Reduce rust and equipment malfunctions<\/li>\n<li data-start=\"3771\" data-end=\"3806\">Stabilize the quality of compressed air output<\/li>\n<\/ul>\n<h2 data-start=\"4062\" data-end=\"4112\"><strong data-start=\"4065\" data-end=\"4112\">Guide to choosing the right ORION flushing system<\/strong><\/h2>\n<p data-start=\"4113\" data-end=\"4126\">It is necessary to determine:<\/p>\n<ul>\n<li data-start=\"4129\" data-end=\"4176\">Installation location (compressor, receiver, filter, dryer)<\/li>\n<li data-start=\"4179\" data-end=\"4201\">Condensate flow rate<\/li>\n<li data-start=\"4204\" data-end=\"4231\">System working pressure<\/li>\n<li data-start=\"4234\" data-end=\"4256\">Environmental conditions<\/li>\n<\/ul>\n<p data-start=\"4258\" data-end=\"4326\">Choosing the right model helps <strong data-start=\"4279\" data-end=\"4325\">Optimizing water discharge efficiency and equipment durability.<\/strong>.<\/p>\n<h2 data-start=\"4333\" data-end=\"4394\"><strong data-start=\"4336\" data-end=\"4394\">Why should you buy the ORION automatic flushing system from Phuc Hung?<\/strong><\/h2>\n<ul>\n<li data-start=\"4397\" data-end=\"4458\">Practical experience in <strong data-start=\"4423\" data-end=\"4456\">industrial compressed air solutions<\/strong><\/li>\n<li data-start=\"4461\" data-end=\"4513\">Accurate <strong data-start=\"4468\" data-end=\"4511\">Right place \u2013 right model \u2013 right needs<\/strong><\/li>\n<li data-start=\"4516\" data-end=\"4558\">Provide <strong data-start=\"4525\" data-end=\"4556\">Genuine ORION flush valve<\/strong><\/li>\n<li data-start=\"4561\" data-end=\"4598\">Transparent technical and after-sales support<\/li>\n<\/ul>\n<p data-start=\"4643\" data-end=\"4878\" data-is-last-node=\"\" data-is-only-node=\"\">Are you looking for <strong data-start=\"4656\" data-end=\"4684\">ORION automatic flushing system<\/strong> to protect <strong data-start=\"4695\" data-end=\"4763\">the compressed air system operates stably, cleanly, and efficiently.<\/strong>?<br data-start=\"4764\" data-end=\"4767\" \/>\ud83d\udc49 <strong data-start=\"4770\" data-end=\"4796\">Contact <a href=\"https:\/\/phuchungvn.com.vn\/en\/\">carried out maintenance and oil sludge (varnish) removal for<\/a><\/strong> for detailed advice and <strong data-start=\"4824\" data-end=\"4856\">get the most competitive quote<\/strong> for your system.<\/p>\n<p>&nbsp;<\/p>","protected":false},"excerpt":{"rendered":"<table style=\"width: 100.959%;\">\n<tbody>\n<tr style=\"height: 21px;\">\n<th style=\"width: 54.4996%; height: 21px;\">Specifications<\/th>\n<th style=\"width: 2831.11%; height: 21px;\">Detail<\/th>\n<\/tr>\n<tr style=\"height: 21px;\">\n<td style=\"width: 54.4996%; height: 21px;\"><span style=\"color: #000000;\">Brand<\/span><\/td>\n<td style=\"width: 2831.11%; height: 21px;\"><span style=\"color: #000000;\">ORION<\/span><\/td>\n<\/tr>\n<tr style=\"height: 21px;\">\n<td style=\"width: 54.4996%; height: 21px;\"><span style=\"color: #000000;\">Origin<\/span><\/td>\n<td style=\"width: 2831.11%; height: 21px;\"><span style=\"color: #000000;\">Japan<\/span><\/td>\n<\/tr>\n<tr style=\"height: 21px;\">\n<td style=\"width: 54.4996%; height: 21px;\"><span style=\"color: #000000;\">Product type<\/span><\/td>\n<td style=\"width: 2831.11%; height: 21px;\">Orion automatic water drainer<\/td>\n<\/tr>\n<tr style=\"height: 21px;\">\n<td style=\"width: 54.4996%; height: 21px;\"><span style=\"color: #000000;\">Flow<\/span><\/td>\n<td style=\"width: 2831.11%; height: 21px;\"><span style=\"color: #000000;\">0.35-80 m3\/min<\/span><\/td>\n<\/tr>\n<tr style=\"height: 21px;\">\n<td style=\"width: 54.4996%; height: 21px;\"><span style=\"color: #000000;\">Pressure<\/span><\/td>\n<td style=\"width: 2831.11%; height: 21px;\"><span style=\"color: #000000;\">Max 10 Barg<\/span><\/td>\n<\/tr>\n<tr style=\"height: 21px;\">\n<td style=\"width: 54.4996%; height: 21px;\">Filter level<\/td>\n<td style=\"width: 2831.11%; height: 21px;\">5-0.003 micron<\/td>\n<\/tr>\n<\/tbody>\n<\/table>","protected":false},"featured_media":6776,"template":"","meta":[],"product_cat":[330,331],"product_tag":[332],"class_list":{"0":"post-6695","1":"product","2":"type-product","3":"status-publish","4":"has-post-thumbnail","6":"product_cat-may-say-khi-bo-loc-khi","7":"product_cat-may-say-khi-bo-loc-khi-orion","8":"product_tag-may-say-khi","10":"first","11":"instock","12":"shipping-taxable","13":"product-type-simple"},"_links":{"self":[{"href":"https:\/\/phuchungvn.com.vn\/en\/wp-json\/wp\/v2\/product\/6695","targetHints":{"allow":["GET"]}}],"collection":[{"href":"https:\/\/phuchungvn.com.vn\/en\/wp-json\/wp\/v2\/product"}],"about":[{"href":"https:\/\/phuchungvn.com.vn\/en\/wp-json\/wp\/v2\/types\/product"}],"wp:featuredmedia":[{"embeddable":true,"href":"https:\/\/phuchungvn.com.vn\/en\/wp-json\/wp\/v2\/media\/6776"}],"wp:attachment":[{"href":"https:\/\/phuchungvn.com.vn\/en\/wp-json\/wp\/v2\/media?parent=6695"}],"wp:term":[{"taxonomy":"product_cat","embeddable":true,"href":"https:\/\/phuchungvn.com.vn\/en\/wp-json\/wp\/v2\/product_cat?post=6695"},{"taxonomy":"product_tag","embeddable":true,"href":"https:\/\/phuchungvn.com.vn\/en\/wp-json\/wp\/v2\/product_tag?post=6695"}],"curies":[{"name":"wp","href":"https:\/\/api.w.org\/{rel}","templated":true}]}}