{"id":6709,"date":"2024-08-08T22:16:31","date_gmt":"2024-08-08T15:16:31","guid":{"rendered":"https:\/\/nhomkinhhungthinhdn.com\/?post_type=product&#038;p=6709"},"modified":"2026-01-29T09:05:53","modified_gmt":"2026-01-29T02:05:53","slug":"dong-may-nen-khi-ly-tam-turbo-tech-80-220-m3-phut","status":"publish","type":"product","link":"https:\/\/phuchungvn.com.vn\/en\/dong-may-nen-khi-ly-tam-turbo-tech-80-220-m3-phut\/","title":{"rendered":"Turbo-Tech Centrifugal Air Compressor Series 80-220 m3\/min"},"content":{"rendered":"<h2 data-start=\"244\" data-end=\"314\"><strong data-start=\"247\" data-end=\"314\">Turbo-Tech centrifugal air compressors \u2013 High-performance compressed air solutions<\/strong><\/h2>\n<p data-start=\"316\" data-end=\"641\"><strong data-start=\"316\" data-end=\"341\">Turbo-Tech Compressor<\/strong> Trusted in North America, Europe, Southeast Asia, the Middle East, India, Taiwan, and many other countries, Turbo-Tech, with its superior performance and high reliability, is continuously expanding its global distribution network to make its products more accessible to industrial users worldwide.<\/p>\n<div style=\"width: 610px\" class=\"wp-caption aligncenter\"><img class=\"lazyload\" decoding=\"async\" src=\"data:image\/svg+xml,%3Csvg%20xmlns%3D%27http%3A%2F%2Fwww.w3.org%2F2000%2Fsvg%27%20width%3D%27600%27%20height%3D%27164%27%20viewBox%3D%270%200%20600%20164%27%3E%3Crect%20width%3D%27600%27%20height%3D%27164%27%20fill-opacity%3D%220%22%2F%3E%3C%2Fsvg%3E\" data-orig-src=\"https:\/\/phuchungvn.com.vn\/wp-content\/uploads\/2024\/08\/brand-turbo-600x164.png\" alt=\"Turbo-Tech\" width=\"600\" height=\"164\" \/><p class=\"wp-caption-text\">Turbo-Tech<\/p><\/div>\n<p data-start=\"643\" data-end=\"703\"><strong data-start=\"647\" data-end=\"703\">Comprehensive solutions for industrial compressed air systems<\/strong><\/p>\n<p data-start=\"705\" data-end=\"841\">Centrifugal air compressor <strong data-start=\"724\" data-end=\"738\">Turbo-Tech<\/strong> it is an ideal choice for applications requiring high throughput and stable operation<br data-start=\"819\" data-end=\"822\" \/>Wide operating range:<\/p>\n<ul>\n<li><strong data-start=\"845\" data-end=\"859\">Flow rate:<\/strong> 80 \u2013 220 m\u00b3\/minute<\/li>\n<li><strong data-start=\"881\" data-end=\"902\">Working pressure:<\/strong> 0.6 \u2013 80 bar<\/li>\n<\/ul>\n<p data-start=\"919\" data-end=\"1068\">As a result, the device flexibly meets the needs of many different industries, from continuous production to large-scale central compressed air systems.<\/p>\n<p data-start=\"1070\" data-end=\"1121\"><strong data-start=\"1074\" data-end=\"1121\">Absolutely clean compressed air \u2013 Class 0 standard<\/strong><\/p>\n<p data-start=\"1123\" data-end=\"1305\">Turbo-Tech centrifugal air compressors achieve <strong data-start=\"1157\" data-end=\"1189\">oil-free standard Class 0<\/strong>, was <strong data-start=\"1196\" data-end=\"1214\">T\u00dcV certified<\/strong>, this ensures that the compressed air output is completely clean, free from oil contamination, and does not cause environmental pollution.<\/p>\n<p data-start=\"1307\" data-end=\"1368\">Machine design <strong data-start=\"1320\" data-end=\"1361\">compact \u2013 sturdy \u2013 maintenance-friendly<\/strong>help:<\/p>\n<ul>\n<li>Quick installation<\/li>\n<li>Easy to maintain<\/li>\n<li>Reduce long-term operating costs.<\/li>\n<\/ul>\n<p data-start=\"1449\" data-end=\"1504\"><strong data-start=\"1453\" data-end=\"1504\">Widely used in many industries<\/strong><\/p>\n<p data-start=\"1506\" data-end=\"1545\">Turbo-Tech is commonly used in:<\/p>\n<ul>\n<li>Semiconductor and electronics industry<\/li>\n<li>Healthcare and pharmaceuticals<\/li>\n<li>Chemical fiber textiles<\/li>\n<li>Food and beverage fermentation<\/li>\n<li>Steel production and metallurgy<\/li>\n<li>Industries require clean compressed air and high flow rates<\/li>\n<\/ul>\n<p data-start=\"1750\" data-end=\"1796\"><strong data-start=\"1754\" data-end=\"1796\">Global Network \u2013 Partner Services<\/strong><\/p>\n<p data-start=\"1798\" data-end=\"1947\">Turbo-Tech is continuously expanding its market in many key regions around the world, building a global distribution and technical service system, ensuring:<\/p>\n<ul>\n<li>Quick support<\/li>\n<li>Spare parts are readily available<\/li>\n<li>In-depth technical consulting<\/li>\n<\/ul>\n<p data-start=\"2022\" data-end=\"2051\"><strong data-start=\"2026\" data-end=\"2051\">Commitment from Turbo-Tech<\/strong><\/p>\n<p data-start=\"2053\" data-end=\"2256\">We not only provide high-performance air compressors, but also offer <strong data-start=\"2125\" data-end=\"2183\">stable, cost-effective, and long-lasting compressed air solutions<\/strong>, along with dedicated support services, helps businesses optimize production efficiency.<\/p>\n<h2 data-start=\"1820\" data-end=\"1891\"><strong data-start=\"1823\" data-end=\"1891\">Why choose a centrifugal air compressor for flow rates of 80\u2013220 m\u00b3\/min?<\/strong><\/h2>\n<p data-start=\"1892\" data-end=\"1968\">In this flow rate range, the common solution is to use multiple screw conveyors in parallel:<\/p>\n<ul>\n<li data-start=\"1971\" data-end=\"2012\">Overall efficiency decreases with prolonged high load<\/li>\n<li data-start=\"2015\" data-end=\"2046\">Increased maintenance and management costs<\/li>\n<li data-start=\"2049\" data-end=\"2080\">Pressure fluctuations during load distribution<\/li>\n<\/ul>\n<p data-start=\"2082\" data-end=\"2139\"><strong data-start=\"2082\" data-end=\"2115\">Turbo-Tech centrifugal air compressor<\/strong> The problem was completely solved thanks to:<\/p>\n<ul>\n<li data-start=\"2142\" data-end=\"2174\"><strong data-start=\"2142\" data-end=\"2172\">High throughput per machine<\/strong><\/li>\n<li data-start=\"2177\" data-end=\"2217\"><strong data-start=\"2177\" data-end=\"2205\">Superior electrical performance<\/strong> at high load<\/li>\n<li data-start=\"2220\" data-end=\"2256\"><strong data-start=\"2220\" data-end=\"2242\">Fewer friction details<\/strong>, high durability<\/li>\n<\/ul>\n<div id=\"attachment_11669\" style=\"width: 604px\" class=\"wp-caption aligncenter\"><a href=\"https:\/\/phuchungvn.com.vn\/wp-content\/uploads\/2024\/08\/Dong-may-nen-khi-ly-tam-Turbo-Tech.jpg\"><img decoding=\"async\" aria-describedby=\"caption-attachment-11669\" class=\"lazyload size-full wp-image-11669\" src=\"https:\/\/phuchungvn.com.vn\/wp-content\/uploads\/2024\/08\/Dong-may-nen-khi-ly-tam-Turbo-Tech.jpg\" data-orig-src=\"https:\/\/phuchungvn.com.vn\/wp-content\/uploads\/2024\/08\/Dong-may-nen-khi-ly-tam-Turbo-Tech.jpg\" alt=\"D\u00f2ng m\u00e1y n\u00e9n kh\u00ed ly t\u00e2m Turbo Tech \" width=\"594\" height=\"594\" srcset=\"data:image\/svg+xml,%3Csvg%20xmlns%3D%27http%3A%2F%2Fwww.w3.org%2F2000%2Fsvg%27%20width%3D%27594%27%20height%3D%27594%27%20viewBox%3D%270%200%20594%20594%27%3E%3Crect%20width%3D%27594%27%20height%3D%27594%27%20fill-opacity%3D%220%22%2F%3E%3C%2Fsvg%3E\" data-srcset=\"https:\/\/phuchungvn.com.vn\/wp-content\/uploads\/2024\/08\/Dong-may-nen-khi-ly-tam-Turbo-Tech-12x12.jpg 12w, https:\/\/phuchungvn.com.vn\/wp-content\/uploads\/2024\/08\/Dong-may-nen-khi-ly-tam-Turbo-Tech-66x66.jpg 66w, https:\/\/phuchungvn.com.vn\/wp-content\/uploads\/2024\/08\/Dong-may-nen-khi-ly-tam-Turbo-Tech-150x150.jpg 150w, https:\/\/phuchungvn.com.vn\/wp-content\/uploads\/2024\/08\/Dong-may-nen-khi-ly-tam-Turbo-Tech-200x200.jpg 200w, https:\/\/phuchungvn.com.vn\/wp-content\/uploads\/2024\/08\/Dong-may-nen-khi-ly-tam-Turbo-Tech-300x300.jpg 300w, https:\/\/phuchungvn.com.vn\/wp-content\/uploads\/2024\/08\/Dong-may-nen-khi-ly-tam-Turbo-Tech-400x400.jpg 400w, https:\/\/phuchungvn.com.vn\/wp-content\/uploads\/2024\/08\/Dong-may-nen-khi-ly-tam-Turbo-Tech-500x500.jpg 500w, https:\/\/phuchungvn.com.vn\/wp-content\/uploads\/2024\/08\/Dong-may-nen-khi-ly-tam-Turbo-Tech.jpg 594w\" data-sizes=\"auto\" data-orig-sizes=\"(max-width: 594px) 100vw, 594px\" \/><\/a><p id=\"caption-attachment-11669\" class=\"wp-caption-text\">D\u00f2ng m\u00e1y n\u00e9n kh\u00ed ly t\u00e2m Turbo Tech<\/p><\/div>\n<h2 data-start=\"2263\" data-end=\"2317\"><strong data-start=\"2266\" data-end=\"2317\">Centrifugal principle of operation \u2013 The foundation of efficiency<\/strong><\/h2>\n<p data-start=\"2318\" data-end=\"2379\">Centrifugal air compressors operate according to <strong data-start=\"2352\" data-end=\"2378\">principles of dynamics<\/strong>:<\/p>\n<ul>\n<li data-start=\"2382\" data-end=\"2424\">Air is drawn into the center of the impeller.<\/li>\n<li data-start=\"2427\" data-end=\"2452\">Acceleration by centrifugal force<\/li>\n<li data-start=\"2455\" data-end=\"2499\">Convert kinetic energy into <strong data-start=\"2484\" data-end=\"2499\">air pressure<\/strong><\/li>\n<\/ul>\n<p data-start=\"2501\" data-end=\"2517\">Key advantages:<\/p>\n<ul>\n<li data-start=\"2520\" data-end=\"2567\"><strong data-start=\"2520\" data-end=\"2552\">Avoid direct compression contact.<\/strong> \u2192 less wear and tear<\/li>\n<li data-start=\"2570\" data-end=\"2605\"><strong data-start=\"2570\" data-end=\"2603\">Stable during continuous operation<\/strong><\/li>\n<li data-start=\"2608\" data-end=\"2646\">Suitable for <strong data-start=\"2616\" data-end=\"2646\">large load center system<\/strong><\/li>\n<\/ul>\n<h2 data-start=\"2653\" data-end=\"2716\"><strong data-start=\"2656\" data-end=\"2716\">Flow rate range 80\u2013220 m\u00b3\/min \u2013 Flexible for various industries<\/strong><\/h2>\n<p data-start=\"2717\" data-end=\"2755\">Turbo-Tech's 80\u2013220 m\u00b3\/min output performs well:<\/p>\n<ul>\n<li data-start=\"2758\" data-end=\"2786\">Steel production, heavy machinery<\/li>\n<li data-start=\"2789\" data-end=\"2817\">Cement, building materials<\/li>\n<li data-start=\"2820\" data-end=\"2848\">Chemicals, environmental treatment<\/li>\n<li data-start=\"2851\" data-end=\"2881\">Multi-factory industrial park<\/li>\n<li data-start=\"2884\" data-end=\"2927\">The factory needs <strong data-start=\"2896\" data-end=\"2927\">stable, continuous gas supply<\/strong><\/li>\n<\/ul>\n<h2>Typical technical specifications \u2013 Turbo-Tech 80\u2013220 m\u00b3\/min<\/h2>\n<div style=\"width: 596px\" class=\"wp-caption alignnone\"><img class=\"lazyload\" decoding=\"async\" src=\"data:image\/svg+xml,%3Csvg%20xmlns%3D%27http%3A%2F%2Fwww.w3.org%2F2000%2Fsvg%27%20width%3D%27586%27%20height%3D%27200%27%20viewBox%3D%270%200%20586%20200%27%3E%3Crect%20width%3D%27586%27%20height%3D%27200%27%20fill-opacity%3D%220%22%2F%3E%3C%2Fsvg%3E\" data-orig-src=\"https:\/\/phuchungvn.com.vn\/wp-content\/uploads\/2024\/08\/Turbo-tech.jpg\" alt=\"Th\u00f4ng s\u1ed1 k\u1ef9 thu\u1eadt ti\u00eau bi\u1ec3u \u2013 Turbo-Tech 80\u2013220 m\u00b3\/ph\u00fat\" width=\"586\" height=\"200\" \/><p class=\"wp-caption-text\">Typical technical specifications \u2013 Turbo-Tech 80\u2013220 m\u00b3\/min<\/p><\/div>\n\n<table id=\"tablepress-74\" class=\"tablepress tablepress-id-74 tbody-has-connected-cells\">\n<thead>\n<tr class=\"row-1\">\n\t<th class=\"column-1\">Centrifugal Compressor Specifications<\/th><td class=\"column-2\"><\/td><td class=\"column-3\"><\/td><td class=\"column-4\"><\/td><td class=\"column-5\"><\/td><td class=\"column-6\"><\/td><td class=\"column-7\"><\/td><td class=\"column-8\"><\/td>\n<\/tr>\n<\/thead>\n<tbody class=\"row-striping row-hover\">\n<tr class=\"row-2\">\n\t<td rowspan=\"2\" class=\"column-1\">Type<\/td><td rowspan=\"2\" class=\"column-2\">Pressure (bar)<\/td><td rowspan=\"2\" class=\"column-3\">Flow Rate (m\u00b3\/min)<\/td><td rowspan=\"2\" class=\"column-4\">Motor Power (Kw)<\/td><td colspan=\"3\" class=\"column-5\">Size <\/td><td rowspan=\"2\" class=\"column-8\">Weight (kg)<\/td>\n<\/tr>\n<tr class=\"row-3\">\n\t<td class=\"column-5\">A (mm)<\/td><td class=\"column-6\">B (mm)<\/td><td class=\"column-7\">C (mm)<\/td>\n<\/tr>\n<tr class=\"row-4\">\n\t<td class=\"column-1\">Tis<\/td><td class=\"column-2\">4~9<\/td><td class=\"column-3\">20~43<\/td><td class=\"column-4\">110~240<\/td><td class=\"column-5\">3000<\/td><td class=\"column-6\">1850<\/td><td class=\"column-7\">2450<\/td><td class=\"column-8\">4000<\/td>\n<\/tr>\n<tr class=\"row-5\">\n\t<td class=\"column-1\">Co<\/td><td class=\"column-2\">1.5~4<\/td><td class=\"column-3\">40~85<\/td><td class=\"column-4\">140~280<\/td><td class=\"column-5\">2800<\/td><td class=\"column-6\">1800<\/td><td class=\"column-7\">1800<\/td><td class=\"column-8\">4200<\/td>\n<\/tr>\n<tr class=\"row-6\">\n\t<td class=\"column-1\">Tim<\/td><td class=\"column-2\">4~9<\/td><td class=\"column-3\">45~90<\/td><td class=\"column-4\">250~500<\/td><td class=\"column-5\">3100<\/td><td class=\"column-6\">2000<\/td><td class=\"column-7\">2450<\/td><td class=\"column-8\">6500<\/td>\n<\/tr>\n<tr class=\"row-7\">\n\t<td class=\"column-1\">Til<\/td><td class=\"column-2\">2~12<\/td><td class=\"column-3\">40~98<\/td><td class=\"column-4\">220~500<\/td><td class=\"column-5\">3300<\/td><td class=\"column-6\">2000<\/td><td class=\"column-7\">2450<\/td><td class=\"column-8\">8500<\/td>\n<\/tr>\n<tr class=\"row-8\">\n\t<td class=\"column-1\">Va<\/td><td class=\"column-2\">2~25<\/td><td class=\"column-3\">80~210<\/td><td class=\"column-4\">300~1200<\/td><td class=\"column-5\">4300<\/td><td class=\"column-6\">2100<\/td><td class=\"column-7\">2700<\/td><td class=\"column-8\">10000<\/td>\n<\/tr>\n<tr class=\"row-9\">\n\t<td class=\"column-1\">Cr<\/td><td class=\"column-2\">2~25<\/td><td class=\"column-3\">220~400<\/td><td class=\"column-4\">1050~2000<\/td><td class=\"column-5\">4500<\/td><td class=\"column-6\">2250<\/td><td class=\"column-7\">2770<\/td><td class=\"column-8\">16500<\/td>\n<\/tr>\n<tr class=\"row-10\">\n\t<td class=\"column-1\">Contact with us to get the more parameters of our unit.<\/td><td class=\"column-2\"><\/td><td class=\"column-3\"><\/td><td class=\"column-4\"><\/td><td class=\"column-5\"><\/td><td class=\"column-6\"><\/td><td class=\"column-7\"><\/td><td class=\"column-8\"><\/td>\n<\/tr>\n<\/tbody>\n<\/table>\n\n<h2 data-start=\"4505\" data-end=\"4564\"><strong data-start=\"4508\" data-end=\"4564\">Guide to choosing the right Turbo-Tech 80\u2013220 m\u00b3\/min<\/strong><\/h2>\n<p data-start=\"4565\" data-end=\"4591\">Businesses should determine:<\/p>\n<ul>\n<li data-start=\"4594\" data-end=\"4626\"><strong data-start=\"4594\" data-end=\"4624\">Total airflow required<\/strong><\/li>\n<li data-start=\"4629\" data-end=\"4651\"><strong data-start=\"4629\" data-end=\"4649\">System pressure<\/strong><\/li>\n<li data-start=\"4654\" data-end=\"4694\"><strong data-start=\"4654\" data-end=\"4692\">Operating mode (continuous\/shift)<\/strong><\/li>\n<li data-start=\"4697\" data-end=\"4738\"><strong data-start=\"4697\" data-end=\"4738\">Long-term energy saving goals<\/strong><\/li>\n<\/ul>\n<p data-start=\"4740\" data-end=\"4814\">Choosing the right configuration helps <strong data-start=\"4764\" data-end=\"4813\">optimizing investment and electricity costs over many years.<\/strong>.<\/p>\n<h2 data-start=\"4821\" data-end=\"4865\"><strong data-start=\"4824\" data-end=\"4865\">Why choose Turbo-Tech at Phuc Hung?<\/strong><\/h2>\n<ul>\n<li data-start=\"4868\" data-end=\"4934\">Extensive experience <strong data-start=\"4891\" data-end=\"4932\">large-scale central compressed air system<\/strong><\/li>\n<li data-start=\"4937\" data-end=\"4981\">Accurate <strong data-start=\"4944\" data-end=\"4979\">right technology \u2013 right flow rate<\/strong><\/li>\n<li data-start=\"4984\" data-end=\"5039\">Provide <strong data-start=\"4993\" data-end=\"5037\">Genuine Turbo-Tech centrifugal air compressors<\/strong><\/li>\n<li data-start=\"5042\" data-end=\"5090\">Transparent technical service, warranty, and after-sales support.<\/li>\n<\/ul>\n<p data-start=\"5135\" data-end=\"5429\" data-is-last-node=\"\" data-is-only-node=\"\">Are you looking for <strong data-start=\"5148\" data-end=\"5201\">Turbo-Tech centrifugal air compressor series 80\u2013220 m\u00b3\/min<\/strong> for central compressed air systems <strong data-start=\"5233\" data-end=\"5278\">stable \u2013 energy efficient \u2013 \u200b\u200bdurable and long-lasting<\/strong>?<br data-start=\"5279\" data-end=\"5282\" \/>\ud83d\udc49 <strong data-start=\"5285\" data-end=\"5311\">Contact Phuc Hung<\/strong> to receive in-depth technical advice, design suitable solutions and <strong data-start=\"5378\" data-end=\"5410\">get the most competitive quote<\/strong> for your project<\/p>","protected":false},"excerpt":{"rendered":"<p style=\"text-align: justify;\">Passed ISO 9001:2015, TUV, CQC, CE Quality Management System Certifications, and more than 50 National patents and new practical technology patents. The Company's after-sales service team <a href=\"https:\/\/phuchungvn.com.vn\/en\/cac-tieu-chuan-va-quy-dinh-ap-dung-trong-nganh-cong-nghiep-may-nen-khi.html\/\" target=\"_blank\" rel=\"noopener\">Turbo-tech centrifugal air compressor<\/a> We not only work for our products but also for our professional after-sales service quality that has been praised and recognized by most customers.<\/p>","protected":false},"featured_media":6791,"template":"","meta":[],"product_cat":[306,358],"product_tag":[369,360],"class_list":{"0":"post-6709","1":"product","2":"type-product","3":"status-publish","4":"has-post-thumbnail","6":"product_cat-may-nen-khi","7":"product_cat-may-nen-khi-turbo-tech","8":"product_tag-dong-may-nen-khi-ly-tam-turbo-tech-80-220-m3-phut","9":"product_tag-may-nen-khi-turbo-tech","11":"first","12":"instock","13":"shipping-taxable","14":"product-type-simple"},"_links":{"self":[{"href":"https:\/\/phuchungvn.com.vn\/en\/wp-json\/wp\/v2\/product\/6709","targetHints":{"allow":["GET"]}}],"collection":[{"href":"https:\/\/phuchungvn.com.vn\/en\/wp-json\/wp\/v2\/product"}],"about":[{"href":"https:\/\/phuchungvn.com.vn\/en\/wp-json\/wp\/v2\/types\/product"}],"wp:featuredmedia":[{"embeddable":true,"href":"https:\/\/phuchungvn.com.vn\/en\/wp-json\/wp\/v2\/media\/6791"}],"wp:attachment":[{"href":"https:\/\/phuchungvn.com.vn\/en\/wp-json\/wp\/v2\/media?parent=6709"}],"wp:term":[{"taxonomy":"product_cat","embeddable":true,"href":"https:\/\/phuchungvn.com.vn\/en\/wp-json\/wp\/v2\/product_cat?post=6709"},{"taxonomy":"product_tag","embeddable":true,"href":"https:\/\/phuchungvn.com.vn\/en\/wp-json\/wp\/v2\/product_tag?post=6709"}],"curies":[{"name":"wp","href":"https:\/\/api.w.org\/{rel}","templated":true}]}}