{"id":6718,"date":"2024-08-08T22:16:54","date_gmt":"2024-08-08T15:16:54","guid":{"rendered":"https:\/\/nhomkinhhungthinhdn.com\/?post_type=product&#038;p=6718"},"modified":"2026-01-29T09:02:59","modified_gmt":"2026-01-29T02:02:59","slug":"dong-may-nen-khi-ly-tam-turbo-tech-220-400-m3-phut","status":"publish","type":"product","link":"https:\/\/phuchungvn.com.vn\/en\/dong-may-nen-khi-ly-tam-turbo-tech-220-400-m3-phut\/","title":{"rendered":"Turbo-Tech Centrifugal Air Compressor Series 220-400 m3\/min"},"content":{"rendered":"<h2 data-start=\"182\" data-end=\"271\"><strong data-start=\"185\" data-end=\"271\"><a href=\"https:\/\/phuchungvn.com.vn\/dong-may-nen-khi-ly-tam-turbo-tech-220-400-m3-phut\/\">M\u00e1y n\u00e9n kh\u00ed ly t\u00e2m Turbo-Tech<\/a> \u2013 Gi\u1ea3i ph\u00e1p kh\u00ed n\u00e9n l\u01b0u l\u01b0\u1ee3ng l\u1edbn, kh\u00f4ng d\u1ea7u Class 0<\/strong><\/h2>\n<p data-start=\"273\" data-end=\"650\"><a href=\"https:\/\/phuchungvn.com.vn\/san-pham-may-nen-khi-thuong-hieu-turbo-tech\/\"><strong data-start=\"273\" data-end=\"287\">Turbo-Tech<\/strong> <\/a>l\u00e0 th\u01b0\u01a1ng hi\u1ec7u m\u00e1y n\u00e9n kh\u00ed ly t\u00e2m hi\u1ec7u su\u1ea5t cao \u0111\u00e3 \u0111\u01b0\u1ee3c tin d\u00f9ng r\u1ed9ng r\u00e3i t\u1ea1i <strong data-start=\"366\" data-end=\"426\">B\u1eafc M\u1ef9, Ch\u00e2u \u00c2u, \u0110\u00f4ng Nam \u00c1, Trung \u0110\u00f4ng, \u1ea4n \u0110\u1ed9, \u0110\u00e0i Loan<\/strong> v\u00e0 nhi\u1ec1u qu\u1ed1c gia kh\u00e1c. V\u1edbi ch\u1ea5t l\u01b0\u1ee3ng v\u1eadn h\u00e0nh v\u01b0\u1ee3t tr\u1ed9i v\u00e0 \u0111\u1ed9 \u1ed5n \u0111\u1ecbnh cao, Turbo-Tech kh\u00f4ng ng\u1eebng m\u1edf r\u1ed9ng <strong data-start=\"535\" data-end=\"567\">m\u1ea1ng l\u01b0\u1edbi ph\u00e2n ph\u1ed1i to\u00e0n c\u1ea7u<\/strong>, gi\u00fap doanh nghi\u1ec7p d\u1ec5 d\u00e0ng ti\u1ebfp c\u1eadn c\u00e1c gi\u1ea3i ph\u00e1p kh\u00ed n\u00e9n ti\u00ean ti\u1ebfn \u1edf m\u1ecdi khu v\u1ef1c.<\/p>\n<h3 data-start=\"652\" data-end=\"712\"><strong data-start=\"656\" data-end=\"712\">D\u1ea3i s\u1ea3n ph\u1ea9m linh ho\u1ea1t \u2013 L\u01b0u l\u01b0\u1ee3ng l\u1edbn, \u00e1p su\u1ea5t r\u1ed9ng<\/strong><\/h3>\n<p data-start=\"714\" data-end=\"962\">D\u00f2ng <strong data-start=\"719\" data-end=\"752\">m\u00e1y n\u00e9n kh\u00ed ly t\u00e2m Turbo-Tech<\/strong> cung c\u1ea5p d\u1ea3i l\u01b0u l\u01b0\u1ee3ng t\u1eeb <strong data-start=\"779\" data-end=\"811\">20 m\u00b3\/ph\u00fat \u0111\u1ebfn 4.000 m\u00b3\/ph\u00fat<\/strong>, \u0111\u00e1p \u1ee9ng \u0111a d\u1ea1ng quy m\u00f4 nh\u00e0 m\u00e1y.<br data-start=\"844\" data-end=\"847\" \/>\u00c1p su\u1ea5t l\u00e0m vi\u1ec7c t\u1eeb <strong data-start=\"867\" data-end=\"889\">0,6 bar \u0111\u1ebfn 80 bar<\/strong>, ph\u00f9 h\u1ee3p cho c\u1ea3 \u1ee9ng d\u1ee5ng ti\u00eau chu\u1ea9n v\u00e0 h\u1ec7 th\u1ed1ng c\u00f4ng nghi\u1ec7p \u00e1p su\u1ea5t cao.<\/p>\n<h3 data-start=\"964\" data-end=\"1014\"><strong data-start=\"968\" data-end=\"1014\">Kh\u00ed n\u00e9n s\u1ea1ch tuy\u1ec7t \u0111\u1ed1i \u2013 \u0110\u1ea1t chu\u1ea9n Class 0<\/strong><\/h3>\n<p data-start=\"1016\" data-end=\"1160\">To\u00e0n b\u1ed9 s\u1ea3n ph\u1ea9m \u0111\u1ea1t ch\u1ee9ng nh\u1eadn <strong data-start=\"1048\" data-end=\"1069\">kh\u00f4ng d\u1ea7u Class 0<\/strong> do <strong data-start=\"1073\" data-end=\"1080\">T\u00dcV<\/strong> ki\u1ec3m \u0111\u1ecbnh, \u0111\u1ea3m b\u1ea3o ngu\u1ed3n kh\u00ed s\u1ea1ch tuy\u1ec7t \u0111\u1ed1i cho c\u00e1c ng\u00e0nh y\u00eau c\u1ea7u kh\u1eaft khe nh\u01b0:<\/p>\n<ul>\n<li data-start=\"1164\" data-end=\"1192\">S\u1ea3n xu\u1ea5t b\u00e1n d\u1eabn \u2013 \u0111i\u1ec7n t\u1eed<\/li>\n<li data-start=\"1195\" data-end=\"1214\">Y t\u1ebf v\u00e0 d\u01b0\u1ee3c ph\u1ea9m<\/li>\n<li data-start=\"1217\" data-end=\"1234\">D\u1ec7t s\u1ee3i h\u00f3a h\u1ecdc<\/li>\n<li data-start=\"1237\" data-end=\"1256\">L\u00ean men th\u1ef1c ph\u1ea9m<\/li>\n<li data-start=\"1259\" data-end=\"1277\">Luy\u1ec7n kim \u2013 th\u00e9p<\/li>\n<li data-start=\"1280\" data-end=\"1314\">V\u00e0 nhi\u1ec1u l\u0129nh v\u1ef1c c\u00f4ng nghi\u1ec7p kh\u00e1c<\/li>\n<\/ul>\n<h3 data-start=\"1316\" data-end=\"1358\"><strong data-start=\"1320\" data-end=\"1358\">Thi\u1ebft k\u1ebf t\u1ed1i \u01b0u \u2013 V\u1eadn h\u00e0nh kinh t\u1ebf<\/strong><\/h3>\n<ul>\n<li data-start=\"1362\" data-end=\"1391\">K\u1ebft c\u1ea5u g\u1ecdn g\u00e0ng, ch\u1eafc ch\u1eafn<\/li>\n<li data-start=\"1394\" data-end=\"1429\">L\u1eafp \u0111\u1eb7t nhanh, b\u1ea3o tr\u00ec thu\u1eadn ti\u1ec7n<\/li>\n<li data-start=\"1432\" data-end=\"1455\">V\u1eadn h\u00e0nh \u1ed5n \u0111\u1ecbnh 24\/7<\/li>\n<li data-start=\"1458\" data-end=\"1510\"><strong data-start=\"1458\" data-end=\"1510\">Chi ph\u00ed v\u1eadn h\u00e0nh th\u1ea5p \u2013 hi\u1ec7u su\u1ea5t n\u0103ng l\u01b0\u1ee3ng cao<\/strong><\/li>\n<\/ul>\n<h2 data-start=\"1517\" data-end=\"1554\"><strong data-start=\"1520\" data-end=\"1554\">\u01afu th\u1ebf to\u00e0n c\u1ea7u c\u1ee7a Turbo-Tech<\/strong><\/h2>\n<ul>\n<li data-start=\"1558\" data-end=\"1598\">Hi\u1ec7n di\u1ec7n t\u1ea1i nhi\u1ec1u th\u1ecb tr\u01b0\u1eddng qu\u1ed1c t\u1ebf<\/li>\n<li data-start=\"1601\" data-end=\"1643\">\u0110\u01b0\u1ee3c \u0111\u00e1nh gi\u00e1 cao v\u1ec1 hi\u1ec7u su\u1ea5t v\u00e0 \u0111\u1ed9 b\u1ec1n<\/li>\n<li data-start=\"1646\" data-end=\"1686\">H\u1ec7 th\u1ed1ng ph\u00e2n ph\u1ed1i v\u00e0 d\u1ecbch v\u1ee5 to\u00e0n c\u1ea7u<\/li>\n<li data-start=\"1689\" data-end=\"1738\">S\u1eb5n s\u00e0ng \u0111\u00e1p \u1ee9ng c\u00e1c d\u1ef1 \u00e1n c\u00f4ng nghi\u1ec7p quy m\u00f4 l\u1edbn<\/li>\n<\/ul>\n<div id=\"attachment_7068\" style=\"width: 610px\" class=\"wp-caption aligncenter\"><img decoding=\"async\" aria-describedby=\"caption-attachment-7068\" class=\"lazyload wp-image-7068 size-fusion-600\" src=\"https:\/\/phuchungvn.com.vn\/wp-content\/uploads\/2024\/08\/brand-turbo-600x164.png\" data-orig-src=\"https:\/\/phuchungvn.com.vn\/wp-content\/uploads\/2024\/08\/brand-turbo-600x164.png\" alt=\"Turbo-Tech\" width=\"600\" height=\"164\" srcset=\"data:image\/svg+xml,%3Csvg%20xmlns%3D%27http%3A%2F%2Fwww.w3.org%2F2000%2Fsvg%27%20width%3D%27600%27%20height%3D%27164%27%20viewBox%3D%270%200%20600%20164%27%3E%3Crect%20width%3D%27600%27%20height%3D%27164%27%20fill-opacity%3D%220%22%2F%3E%3C%2Fsvg%3E\" data-srcset=\"https:\/\/phuchungvn.com.vn\/wp-content\/uploads\/2024\/08\/brand-turbo-200x55.png 200w, https:\/\/phuchungvn.com.vn\/wp-content\/uploads\/2024\/08\/brand-turbo-300x82.png 300w, https:\/\/phuchungvn.com.vn\/wp-content\/uploads\/2024\/08\/brand-turbo-400x109.png 400w, https:\/\/phuchungvn.com.vn\/wp-content\/uploads\/2024\/08\/brand-turbo-500x137.png 500w, https:\/\/phuchungvn.com.vn\/wp-content\/uploads\/2024\/08\/brand-turbo-600x164.png 600w, https:\/\/phuchungvn.com.vn\/wp-content\/uploads\/2024\/08\/brand-turbo-700x191.png 700w, https:\/\/phuchungvn.com.vn\/wp-content\/uploads\/2024\/08\/brand-turbo-768x210.png 768w, https:\/\/phuchungvn.com.vn\/wp-content\/uploads\/2024\/08\/brand-turbo-800x219.png 800w, https:\/\/phuchungvn.com.vn\/wp-content\/uploads\/2024\/08\/brand-turbo-1024x280.png 1024w, https:\/\/phuchungvn.com.vn\/wp-content\/uploads\/2024\/08\/brand-turbo-1200x328.png 1200w, https:\/\/phuchungvn.com.vn\/wp-content\/uploads\/2024\/08\/brand-turbo.png 1536w\" data-sizes=\"auto\" data-orig-sizes=\"(max-width: 600px) 100vw, 600px\" \/><p id=\"caption-attachment-7068\" class=\"wp-caption-text\">Turbo-Tech<\/p><\/div>\n<h2 data-start=\"1732\" data-end=\"1804\"><strong data-start=\"1735\" data-end=\"1804\">V\u00ec sao n\u00ean ch\u1ecdn m\u00e1y n\u00e9n kh\u00ed ly t\u00e2m cho l\u01b0u l\u01b0\u1ee3ng 220\u2013400 m\u00b3\/ph\u00fat?<\/strong><\/h2>\n<p data-start=\"1805\" data-end=\"1895\">Khi nhu c\u1ea7u kh\u00ed n\u00e9n v\u01b0\u1ee3t ng\u01b0\u1ee1ng l\u1edbn, vi\u1ec7c s\u1eed d\u1ee5ng nhi\u1ec1u m\u00e1y tr\u1ee5c v\u00edt song song s\u1ebd d\u1eabn \u0111\u1ebfn:<\/p>\n<ul>\n<li data-start=\"1898\" data-end=\"1923\">Hi\u1ec7u su\u1ea5t t\u1ed5ng th\u1ec3 gi\u1ea3m<\/li>\n<li data-start=\"1926\" data-end=\"1947\">Chi ph\u00ed b\u1ea3o tr\u00ec cao<\/li>\n<li data-start=\"1950\" data-end=\"1977\">Qu\u1ea3n l\u00fd v\u1eadn h\u00e0nh ph\u1ee9c t\u1ea1p<\/li>\n<\/ul>\n<p data-start=\"1979\" data-end=\"2048\"><strong data-start=\"1979\" data-end=\"2012\">M\u00e1y n\u00e9n kh\u00ed ly t\u00e2m Turbo-Tech<\/strong> gi\u1ea3i quy\u1ebft tri\u1ec7t \u0111\u1ec3 v\u1ea5n \u0111\u1ec1 n\u00e0y nh\u1edd:<\/p>\n<ul>\n<li data-start=\"2051\" data-end=\"2087\"><strong data-start=\"2051\" data-end=\"2085\">L\u01b0u l\u01b0\u1ee3ng r\u1ea5t l\u1edbn tr\u00ean m\u1ed7i m\u00e1y<\/strong><\/li>\n<li data-start=\"2090\" data-end=\"2143\"><strong data-start=\"2090\" data-end=\"2141\">Hi\u1ec7u su\u1ea5t n\u0103ng l\u01b0\u1ee3ng cao h\u01a1n tr\u1ee5c v\u00edt \u1edf t\u1ea3i l\u1edbn<\/strong><\/li>\n<li data-start=\"2146\" data-end=\"2185\"><strong data-start=\"2146\" data-end=\"2185\">V\u1eadn h\u00e0nh \u1ed5n \u0111\u1ecbnh, \u00edt hao m\u00f2n c\u01a1 kh\u00ed<\/strong><\/li>\n<\/ul>\n<h2>Th\u00f4ng s\u1ed1 k\u1ef9 thu\u1eadt ti\u00eau bi\u1ec3u \u2013 Turbo-Tech 220\u2013400 m\u00b3\/ph\u00fat<\/h2>\n<div id=\"attachment_8227\" style=\"width: 1311px\" class=\"wp-caption aligncenter\"><img decoding=\"async\" aria-describedby=\"caption-attachment-8227\" class=\"lazyload wp-image-8227\" src=\"https:\/\/phuchungvn.com.vn\/wp-content\/uploads\/2024\/08\/Turbo-tech.jpg\" data-orig-src=\"https:\/\/phuchungvn.com.vn\/wp-content\/uploads\/2024\/08\/Turbo-tech.jpg\" alt=\"Th\u00f4ng s\u1ed1 k\u1ef9 thu\u1eadt ti\u00eau bi\u1ec3u \u2013 Turbo-Tech 220\u2013400 m\u00b3\/ph\u00fat\" width=\"1301\" height=\"444\" srcset=\"data:image\/svg+xml,%3Csvg%20xmlns%3D%27http%3A%2F%2Fwww.w3.org%2F2000%2Fsvg%27%20width%3D%271301%27%20height%3D%27444%27%20viewBox%3D%270%200%201301%20444%27%3E%3Crect%20width%3D%271301%27%20height%3D%27444%27%20fill-opacity%3D%220%22%2F%3E%3C%2Fsvg%3E\" data-srcset=\"https:\/\/phuchungvn.com.vn\/wp-content\/uploads\/2024\/08\/Turbo-tech-18x6.jpg 18w, https:\/\/phuchungvn.com.vn\/wp-content\/uploads\/2024\/08\/Turbo-tech-200x68.jpg 200w, https:\/\/phuchungvn.com.vn\/wp-content\/uploads\/2024\/08\/Turbo-tech-300x102.jpg 300w, https:\/\/phuchungvn.com.vn\/wp-content\/uploads\/2024\/08\/Turbo-tech-400x137.jpg 400w, https:\/\/phuchungvn.com.vn\/wp-content\/uploads\/2024\/08\/Turbo-tech-500x171.jpg 500w, https:\/\/phuchungvn.com.vn\/wp-content\/uploads\/2024\/08\/Turbo-tech.jpg 586w\" data-sizes=\"auto\" data-orig-sizes=\"(max-width: 1301px) 100vw, 1301px\" \/><p id=\"caption-attachment-8227\" class=\"wp-caption-text\">Th\u00f4ng s\u1ed1 k\u1ef9 thu\u1eadt ti\u00eau bi\u1ec3u \u2013 Turbo-Tech 220\u2013400 m\u00b3\/ph\u00fat<\/p><\/div>\n\n<table id=\"tablepress-72\" class=\"tablepress tablepress-id-72 tbody-has-connected-cells\">\n<thead>\n<tr class=\"row-1\">\n\t<th class=\"column-1\">Centrifugal Compressor Specifications<\/th><td class=\"column-2\"><\/td><td class=\"column-3\"><\/td><td class=\"column-4\"><\/td><td class=\"column-5\"><\/td><td class=\"column-6\"><\/td><td class=\"column-7\"><\/td><td class=\"column-8\"><\/td>\n<\/tr>\n<\/thead>\n<tbody class=\"row-striping row-hover\">\n<tr class=\"row-2\">\n\t<td rowspan=\"2\" class=\"column-1\">Type<\/td><td rowspan=\"2\" class=\"column-2\">Pressure (bar)<\/td><td rowspan=\"2\" class=\"column-3\">Flow Rate (m\u00b3\/min)<\/td><td rowspan=\"2\" class=\"column-4\">Motor Power (Kw)<\/td><td colspan=\"3\" class=\"column-5\">Size <\/td><td rowspan=\"2\" class=\"column-8\">Weight ( kg )<\/td>\n<\/tr>\n<tr class=\"row-3\">\n\t<td class=\"column-5\">A (mm)<\/td><td class=\"column-6\">B (mm)<\/td><td class=\"column-7\">C (mm)<\/td>\n<\/tr>\n<tr class=\"row-4\">\n\t<td class=\"column-1\">Tis<\/td><td class=\"column-2\">4 ~ 9<\/td><td class=\"column-3\">20 ~ 43<\/td><td class=\"column-4\">110 ~ 240<\/td><td class=\"column-5\">3000<\/td><td class=\"column-6\">1850<\/td><td class=\"column-7\">2450<\/td><td class=\"column-8\">4000<\/td>\n<\/tr>\n<tr class=\"row-5\">\n\t<td class=\"column-1\">Co<\/td><td class=\"column-2\">1.5 ~ 4<\/td><td class=\"column-3\">40 ~ 85<\/td><td class=\"column-4\">140 ~ 280<\/td><td class=\"column-5\">2800<\/td><td class=\"column-6\">1800<\/td><td class=\"column-7\">1800<\/td><td class=\"column-8\">4200<\/td>\n<\/tr>\n<tr class=\"row-6\">\n\t<td class=\"column-1\">Tim<\/td><td class=\"column-2\">4 ~ 9<\/td><td class=\"column-3\">45 ~ 90<\/td><td class=\"column-4\">250 ~ 500<\/td><td class=\"column-5\">3100<\/td><td class=\"column-6\">2000<\/td><td class=\"column-7\">2450<\/td><td class=\"column-8\">6500<\/td>\n<\/tr>\n<tr class=\"row-7\">\n\t<td class=\"column-1\">Til<\/td><td class=\"column-2\">2 ~ 12<\/td><td class=\"column-3\">40 ~ 98<\/td><td class=\"column-4\">220 ~ 500<\/td><td class=\"column-5\">3300<\/td><td class=\"column-6\">2000<\/td><td class=\"column-7\">2450<\/td><td class=\"column-8\">8500<\/td>\n<\/tr>\n<tr class=\"row-8\">\n\t<td class=\"column-1\">Va<\/td><td class=\"column-2\">2 ~ 25<\/td><td class=\"column-3\">80 ~ 210<\/td><td class=\"column-4\">300 ~ 1200<\/td><td class=\"column-5\">4300<\/td><td class=\"column-6\">2100<\/td><td class=\"column-7\">2700<\/td><td class=\"column-8\">10000<\/td>\n<\/tr>\n<tr class=\"row-9\">\n\t<td class=\"column-1\">Cr<\/td><td class=\"column-2\">2 ~ 25<\/td><td class=\"column-3\">220 ~ 400<\/td><td class=\"column-4\">1050 ~ 2000<\/td><td class=\"column-5\">4500<\/td><td class=\"column-6\">2250<\/td><td class=\"column-7\">2770<\/td><td class=\"column-8\">16500<\/td>\n<\/tr>\n<tr class=\"row-10\">\n\t<td class=\"column-1\">Contact with us to get the more parameters of our unit.<\/td><td class=\"column-2\"><\/td><td class=\"column-3\"><\/td><td class=\"column-4\"><\/td><td class=\"column-5\"><\/td><td class=\"column-6\"><\/td><td class=\"column-7\"><\/td><td class=\"column-8\"><\/td>\n<\/tr>\n<\/tbody>\n<\/table>\n<!-- #tablepress-72 from cache -->\n<h2 data-start=\"2192\" data-end=\"2252\"><strong data-start=\"2195\" data-end=\"2252\">Nguy\u00ean l\u00fd ho\u1ea1t \u0111\u1ed9ng c\u1ee7a m\u00e1y n\u00e9n kh\u00ed ly t\u00e2m Turbo-Tech<\/strong><\/h2>\n<p data-start=\"2253\" data-end=\"2314\">M\u00e1y n\u00e9n kh\u00ed ly t\u00e2m ho\u1ea1t \u0111\u1ed9ng theo <strong data-start=\"2287\" data-end=\"2313\">nguy\u00ean l\u00fd \u0111\u1ed9ng l\u1ef1c h\u1ecdc<\/strong>:<\/p>\n<ul>\n<li data-start=\"2317\" data-end=\"2359\">Kh\u00f4ng kh\u00ed \u0111\u01b0\u1ee3c h\u00fat v\u00e0o t\u00e2m b\u00e1nh c\u00f4ng t\u00e1c<\/li>\n<li data-start=\"2362\" data-end=\"2400\">L\u1ef1c ly t\u00e2m gia t\u1ed1c d\u00f2ng kh\u00ed ra ngo\u00e0i<\/li>\n<li data-start=\"2403\" data-end=\"2460\">N\u0103ng l\u01b0\u1ee3ng \u0111\u1ed9ng \u0111\u01b0\u1ee3c chuy\u1ec3n h\u00f3a th\u00e0nh <strong data-start=\"2441\" data-end=\"2460\">\u00e1p su\u1ea5t kh\u00ed n\u00e9n<\/strong><\/li>\n<\/ul>\n<p data-start=\"2462\" data-end=\"2479\">\u0110\u1eb7c \u0111i\u1ec3m n\u1ed5i b\u1eadt:<\/p>\n<ul>\n<li data-start=\"2482\" data-end=\"2537\"><strong data-start=\"2482\" data-end=\"2535\">Kh\u00f4ng c\u00f3 ti\u1ebfp x\u00fac tr\u1ef1c ti\u1ebfp gi\u1eefa c\u00e1c chi ti\u1ebft n\u00e9n<\/strong><\/li>\n<li data-start=\"2540\" data-end=\"2564\">Gi\u1ea3m ma s\u00e1t v\u00e0 m\u00e0i m\u00f2n<\/li>\n<li data-start=\"2567\" data-end=\"2605\">Ph\u00f9 h\u1ee3p v\u1eadn h\u00e0nh <strong data-start=\"2584\" data-end=\"2605\">li\u00ean t\u1ee5c, t\u1ea3i l\u1edbn<\/strong><\/li>\n<\/ul>\n<h2 data-start=\"2612\" data-end=\"2672\"><strong data-start=\"2615\" data-end=\"2672\">D\u1ea3i l\u01b0u l\u01b0\u1ee3ng 220\u2013400 m\u00b3\/ph\u00fat \u2013 Chu\u1ea9n cho nh\u00e0 m\u00e1y l\u1edbn<\/strong><\/h2>\n<p data-start=\"2673\" data-end=\"2698\">D\u00f2ng Turbo-Tech cung c\u1ea5p:<\/p>\n<ul data-start=\"2699\" data-end=\"2893\">\n<li data-start=\"2699\" data-end=\"2743\">\n<p data-start=\"2701\" data-end=\"2743\">L\u01b0u l\u01b0\u1ee3ng kh\u00ed <strong data-start=\"2715\" data-end=\"2741\">t\u1eeb 220 \u0111\u1ebfn 400 m\u00b3\/ph\u00fat<\/strong><\/p>\n<\/li>\n<li data-start=\"2744\" data-end=\"2893\">\n<p data-start=\"2746\" data-end=\"2769\">Ph\u00f9 h\u1ee3p c\u00e1c d\u00e2y chuy\u1ec1n:<\/p>\n<ul data-start=\"2772\" data-end=\"2893\">\n<li data-start=\"2772\" data-end=\"2789\">\n<p data-start=\"2774\" data-end=\"2789\">Th\u00e9p, xi m\u0103ng<\/p>\n<\/li>\n<li data-start=\"2792\" data-end=\"2804\">\n<p data-start=\"2794\" data-end=\"2804\">H\u00f3a ch\u1ea5t<\/p>\n<\/li>\n<li data-start=\"2807\" data-end=\"2827\">\n<p data-start=\"2809\" data-end=\"2827\">\u0110i\u1ec7n, nhi\u1ec7t \u0111i\u1ec7n<\/p>\n<\/li>\n<li data-start=\"2830\" data-end=\"2860\">\n<p data-start=\"2832\" data-end=\"2860\">S\u1ea3n xu\u1ea5t v\u1eadt li\u1ec7u x\u00e2y d\u1ef1ng<\/p>\n<\/li>\n<li data-start=\"2863\" data-end=\"2893\">\n<p data-start=\"2865\" data-end=\"2893\">Khu c\u00f4ng nghi\u1ec7p quy m\u00f4 l\u1edbn<\/p>\n<\/li>\n<\/ul>\n<\/li>\n<\/ul>\n<div class=\"flex flex-col text-sm pb-25\">\n<article class=\"text-token-text-primary w-full focus:outline-none [--shadow-height:45px] has-data-writing-block:pointer-events-none has-data-writing-block:-mt-(--shadow-height) has-data-writing-block:pt-(--shadow-height) [&amp;:has([data-writing-block])&gt;*]:pointer-events-auto scroll-mt-[calc(var(--header-height)+min(200px,max(70px,20svh)))]\" dir=\"auto\" tabindex=\"-1\" data-turn-id=\"request-69703192-91b0-8324-bbb1-edd361873773-16\" data-testid=\"conversation-turn-97\" data-scroll-anchor=\"true\" data-turn=\"assistant\">\n<div class=\"text-base my-auto mx-auto pb-10 [--thread-content-margin:--spacing(4)] @w-sm\/main:[--thread-content-margin:--spacing(6)] @w-lg\/main:[--thread-content-margin:--spacing(16)] px-(--thread-content-margin)\">\n<div class=\"[--thread-content-max-width:40rem] @w-lg\/main:[--thread-content-max-width:48rem] mx-auto max-w-(--thread-content-max-width) flex-1 group\/turn-messages focus-visible:outline-hidden relative flex w-full min-w-0 flex-col agent-turn\" tabindex=\"-1\">\n<div class=\"flex max-w-full flex-col grow\">\n<div class=\"min-h-8 text-message relative flex w-full flex-col items-end gap-2 text-start break-words whitespace-normal [.text-message+&amp;]:mt-1\" dir=\"auto\" data-message-author-role=\"assistant\" data-message-id=\"dbcf0cf4-7a9a-4be3-a11d-cbf54e383b50\" data-message-model-slug=\"gpt-5-2\">\n<div class=\"flex w-full flex-col gap-1 empty:hidden first:pt-[1px]\">\n<div class=\"markdown prose dark:prose-invert w-full wrap-break-word light markdown-new-styling\">\n<h2 data-start=\"3596\" data-end=\"3652\"><strong data-start=\"3599\" data-end=\"3652\">\u01afu \u0111i\u1ec3m n\u1ed5i b\u1eadt c\u1ee7a m\u00e1y n\u00e9n kh\u00ed ly t\u00e2m Turbo-Tech<\/strong><\/h2>\n<ul>\n<li data-start=\"3655\" data-end=\"3691\">L\u01b0u l\u01b0\u1ee3ng kh\u00ed c\u1ef1c l\u1edbn, \u1ed5n \u0111\u1ecbnh<\/li>\n<li data-start=\"3694\" data-end=\"3734\">Hi\u1ec7u su\u1ea5t \u0111i\u1ec7n v\u01b0\u1ee3t tr\u1ed9i \u1edf t\u1ea3i cao<\/li>\n<li data-start=\"3737\" data-end=\"3763\">Chi ph\u00ed b\u1ea3o tr\u00ec th\u1ea5p<\/li>\n<li data-start=\"3766\" data-end=\"3792\">\u00cdt rung \u2013 \u00edt m\u00e0i m\u00f2n<\/li>\n<li data-start=\"3795\" data-end=\"3835\">Ph\u00f9 h\u1ee3p h\u1ec7 th\u1ed1ng kh\u00ed n\u00e9n trung t\u00e2m<\/li>\n<li data-start=\"3838\" data-end=\"3873\">T\u1ed1i \u01b0u chi ph\u00ed v\u1eadn h\u00e0nh d\u00e0i h\u1ea1n<\/li>\n<\/ul>\n<h2 data-start=\"3880\" data-end=\"3920\"><strong data-start=\"3883\" data-end=\"3920\">\u1ee8ng d\u1ee5ng th\u1ef1c t\u1ebf\u00a0<\/strong><\/h2>\n<p data-start=\"3921\" data-end=\"3982\">M\u00e1y n\u00e9n kh\u00ed ly t\u00e2m Turbo-Tech \u0111\u01b0\u1ee3c tri\u1ec3n khai hi\u1ec7u qu\u1ea3 trong:<\/p>\n<ul>\n<li data-start=\"3985\" data-end=\"4015\">Nh\u00e0 m\u00e1y th\u00e9p &amp; luy\u1ec7n kim<\/li>\n<li data-start=\"4018\" data-end=\"4051\">Xi m\u0103ng &amp; v\u1eadt li\u1ec7u x\u00e2y d\u1ef1ng<\/li>\n<li data-start=\"4054\" data-end=\"4089\">Nh\u00e0 m\u00e1y h\u00f3a ch\u1ea5t, l\u1ecdc h\u00f3a d\u1ea7u<\/li>\n<li data-start=\"4092\" data-end=\"4122\">Nh\u00e0 m\u00e1y \u0111i\u1ec7n, nhi\u1ec7t \u0111i\u1ec7n<\/li>\n<li data-start=\"4125\" data-end=\"4155\">Khu c\u00f4ng nghi\u1ec7p quy m\u00f4 l\u1edbn<\/li>\n<\/ul>\n<p data-start=\"4157\" data-end=\"4296\">Th\u1ef1c t\u1ebf v\u1eadn h\u00e0nh cho th\u1ea5y <strong data-start=\"4183\" data-end=\"4231\">chi ph\u00ed \u0111i\u1ec7n tr\u00ean m\u1ed7i m\u00b3 kh\u00ed n\u00e9n gi\u1ea3m r\u00f5 r\u1ec7t<\/strong> so v\u1edbi h\u1ec7 th\u1ed1ng tr\u1ee5c v\u00edt truy\u1ec1n th\u1ed1ng khi ch\u1ea1y t\u1ea3i l\u1edbn li\u00ean t\u1ee5c.<\/p>\n<h2 data-start=\"4592\" data-end=\"4647\"><strong data-start=\"4595\" data-end=\"4647\">H\u01b0\u1edbng d\u1eabn l\u1ef1a ch\u1ecdn m\u00e1y n\u00e9n kh\u00ed ly t\u00e2m Turbo-Tech<\/strong><\/h2>\n<p data-start=\"4648\" data-end=\"4674\">Doanh nghi\u1ec7p c\u1ea7n x\u00e1c \u0111\u1ecbnh:<\/p>\n<ul>\n<li data-start=\"4677\" data-end=\"4723\">T\u1ed5ng l\u01b0u l\u01b0\u1ee3ng kh\u00ed n\u00e9n y\u00eau c\u1ea7u (m\u00b3\/ph\u00fat)<\/li>\n<li data-start=\"4726\" data-end=\"4757\">\u00c1p su\u1ea5t l\u00e0m vi\u1ec7c h\u1ec7 th\u1ed1ng<\/li>\n<li data-start=\"4760\" data-end=\"4804\">Ch\u1ebf \u0111\u1ed9 v\u1eadn h\u00e0nh (li\u00ean t\u1ee5c hay theo ca)<\/li>\n<li data-start=\"4807\" data-end=\"4850\">Chi\u1ebfn l\u01b0\u1ee3c ti\u1ebft ki\u1ec7m n\u0103ng l\u01b0\u1ee3ng d\u00e0i h\u1ea1n<\/li>\n<\/ul>\n<p data-start=\"4852\" data-end=\"4932\">L\u1ef1a ch\u1ecdn \u0111\u00fang m\u00e1y ly t\u00e2m gi\u00fap <strong data-start=\"4882\" data-end=\"4931\">t\u1ed1i \u01b0u \u0111\u1ea7u t\u01b0 v\u00e0 chi ph\u00ed \u0111i\u1ec7n trong nhi\u1ec1u n\u0103m<\/strong>.<\/p>\n<h2 data-start=\"4939\" data-end=\"4987\"><strong data-start=\"4942\" data-end=\"4987\">V\u00ec sao n\u00ean ch\u1ecdn Turbo-Tech t\u1ea1i Ph\u1ee5c H\u01b0ng?<\/strong><\/h2>\n<ul>\n<li data-start=\"4990\" data-end=\"5073\">Kinh nghi\u1ec7m th\u1ef1c t\u1ebf trong <strong data-start=\"5016\" data-end=\"5071\">tri\u1ec3n khai h\u1ec7 th\u1ed1ng kh\u00ed n\u00e9n trung t\u00e2m c\u00f4ng su\u1ea5t l\u1edbn<\/strong><\/li>\n<li data-start=\"5076\" data-end=\"5133\">T\u01b0 v\u1ea5n <strong data-start=\"5083\" data-end=\"5131\">\u0111\u00fang c\u00f4ng ngh\u1ec7 \u2013 \u0111\u00fang quy m\u00f4 \u2013 \u0111\u00fang hi\u1ec7u qu\u1ea3<\/strong><\/li>\n<li data-start=\"5136\" data-end=\"5191\">Cung c\u1ea5p <strong data-start=\"5145\" data-end=\"5189\">m\u00e1y n\u00e9n kh\u00ed ly t\u00e2m Turbo-Tech ch\u00ednh h\u00e3ng<\/strong><\/li>\n<li data-start=\"5194\" data-end=\"5242\">D\u1ecbch v\u1ee5 k\u1ef9 thu\u1eadt, b\u1ea3o h\u00e0nh &amp; h\u1eadu m\u00e3i minh b\u1ea1ch<\/li>\n<\/ul>\n<p data-start=\"5287\" data-end=\"5592\" data-is-last-node=\"\" data-is-only-node=\"\">B\u1ea1n \u0111ang t\u00ecm <strong data-start=\"5300\" data-end=\"5349\">m\u00e1y n\u00e9n kh\u00ed ly t\u00e2m Turbo-Tech 220\u2013400 m\u00b3\/ph\u00fat<\/strong> cho <strong data-start=\"5354\" data-end=\"5376\">nh\u00e0 m\u00e1y quy m\u00f4 l\u1edbn<\/strong> \u0111\u1ec3 gi\u1ea3m chi ph\u00ed \u0111i\u1ec7n n\u0103ng v\u00e0 n\u00e2ng cao \u0111\u1ed9 \u1ed5n \u0111\u1ecbnh h\u1ec7 th\u1ed1ng kh\u00ed n\u00e9n?<br data-start=\"5443\" data-end=\"5446\" \/>\ud83d\udc49 <strong data-start=\"5449\" data-end=\"5475\">Li\u00ean h\u1ec7 ngay <a href=\"https:\/\/phuchungvn.com.vn\/\">Ph\u1ee5c H\u01b0ng<\/a><\/strong> \u0111\u1ec3 \u0111\u01b0\u1ee3c t\u01b0 v\u1ea5n k\u1ef9 thu\u1eadt chuy\u00ean s\u00e2u, thi\u1ebft k\u1ebf gi\u1ea3i ph\u00e1p t\u1ed1i \u01b0u v\u00e0 <strong data-start=\"5541\" data-end=\"5573\">nh\u1eadn b\u00e1o gi\u00e1 c\u1ea1nh tranh nh\u1ea5t<\/strong> cho d\u1ef1 \u00e1n c\u1ee7a b\u1ea1n.<\/p>\n<\/div>\n<\/div>\n<\/div>\n<\/div>\n<\/div>\n<\/div>\n<\/article>\n<\/div>\n","protected":false},"excerpt":{"rendered":"<p style=\"text-align: justify;\">Passed ISO 9001:2015, TUV, CQC, CE Quality Management System Certifications, and more than 50 National patents and new practical technology patents. The Company's after-sales service team <a href=\"https:\/\/phuchungvn.com.vn\/en\/san-pham-may-nen-khi-thuong-hieu-turbo-tech\/\" target=\"_blank\" rel=\"noopener\">Turbo-Tech centrifugal air compressor<\/a> We not only work for our products but also for our professional after-sales service quality that has been praised and recognized by most customers.<\/p>\n<div id=\"eJOY__extension_root\" class=\"eJOY__extension_root_class\" style=\"all: unset;\"><\/div>","protected":false},"featured_media":6792,"template":"","meta":[],"product_cat":[306,358],"product_tag":[370,360],"class_list":{"0":"post-6718","1":"product","2":"type-product","3":"status-publish","4":"has-post-thumbnail","6":"product_cat-may-nen-khi","7":"product_cat-may-nen-khi-turbo-tech","8":"product_tag-dong-may-nen-khi-ly-tam-turbo-tech-220-400-m3-phut","9":"product_tag-may-nen-khi-turbo-tech","11":"first","12":"instock","13":"shipping-taxable","14":"product-type-simple"},"_links":{"self":[{"href":"https:\/\/phuchungvn.com.vn\/en\/wp-json\/wp\/v2\/product\/6718","targetHints":{"allow":["GET"]}}],"collection":[{"href":"https:\/\/phuchungvn.com.vn\/en\/wp-json\/wp\/v2\/product"}],"about":[{"href":"https:\/\/phuchungvn.com.vn\/en\/wp-json\/wp\/v2\/types\/product"}],"wp:featuredmedia":[{"embeddable":true,"href":"https:\/\/phuchungvn.com.vn\/en\/wp-json\/wp\/v2\/media\/6792"}],"wp:attachment":[{"href":"https:\/\/phuchungvn.com.vn\/en\/wp-json\/wp\/v2\/media?parent=6718"}],"wp:term":[{"taxonomy":"product_cat","embeddable":true,"href":"https:\/\/phuchungvn.com.vn\/en\/wp-json\/wp\/v2\/product_cat?post=6718"},{"taxonomy":"product_tag","embeddable":true,"href":"https:\/\/phuchungvn.com.vn\/en\/wp-json\/wp\/v2\/product_tag?post=6718"}],"curies":[{"name":"wp","href":"https:\/\/api.w.org\/{rel}","templated":true}]}}