{"id":6769,"date":"2024-08-08T22:18:32","date_gmt":"2024-08-08T15:18:32","guid":{"rendered":"https:\/\/nhomkinhhungthinhdn.com\/?post_type=product&#038;p=6769"},"modified":"2026-01-29T14:33:34","modified_gmt":"2026-01-29T07:33:34","slug":"may-tao-khi-ni-to-nano-cong-suat-nho","status":"publish","type":"product","link":"https:\/\/phuchungvn.com.vn\/en\/may-tao-khi-ni-to-nano-cong-suat-nho\/","title":{"rendered":"Small Capacity Nano Nitrogen Generator"},"content":{"rendered":"<p data-start=\"771\" data-end=\"1242\">Trong nhi\u1ec1u ng\u00e0nh s\u1ea3n xu\u1ea5t, <strong data-start=\"799\" data-end=\"817\">kh\u00ed Ni t\u01a1 (N\u2082)<\/strong> \u0111\u00f3ng vai tr\u00f2 quan tr\u1ecdng trong b\u1ea3o qu\u1ea3n, inert h\u00f3a, th\u1ed5i kh\u00ed v\u00e0 b\u1ea3o v\u1ec7 s\u1ea3n ph\u1ea9m. Tuy nhi\u00ean, vi\u1ec7c s\u1eed d\u1ee5ng b\u00ecnh kh\u00ed ho\u1eb7c xe b\u1ed3n N\u2082 truy\u1ec1n th\u1ed1ng th\u01b0\u1eddng ph\u00e1t sinh chi ph\u00ed cao v\u00e0 ph\u1ee5 thu\u1ed9c v\u00e0o ngu\u1ed3n cung b\u00ean ngo\u00e0i. <strong data-start=\"1027\" data-end=\"1067\">M\u00e1y t\u1ea1o kh\u00ed Ni t\u01a1 Nano c\u00f4ng su\u1ea5t nh\u1ecf<\/strong> l\u00e0 gi\u1ea3i ph\u00e1p t\u1ed1i \u01b0u, cho ph\u00e9p <strong data-start=\"1098\" data-end=\"1130\">t\u1ea1o kh\u00ed N\u2082 tr\u1ef1c ti\u1ebfp t\u1ea1i ch\u1ed7<\/strong>, \u0111\u00e1p \u1ee9ng nhu c\u1ea7u l\u01b0u l\u01b0\u1ee3ng nh\u1ecf \u0111\u1ebfn trung b\u00ecnh v\u1edbi \u0111\u1ed9 tinh khi\u1ebft \u1ed5n \u0111\u1ecbnh, an to\u00e0n v\u00e0 ti\u1ebft ki\u1ec7m chi ph\u00ed v\u1eadn h\u00e0nh.<\/p>\n<h2 data-start=\"1249\" data-end=\"1305\"><strong data-start=\"1252\" data-end=\"1305\">T\u1ed5ng quan v\u1ec1 m\u00e1y t\u1ea1o kh\u00ed Ni t\u01a1 Nano c\u00f4ng su\u1ea5t nh\u1ecf<\/strong><\/h2>\n<p data-start=\"1306\" data-end=\"1582\"><span class=\"hover:entity-accent entity-underline inline cursor-pointer align-baseline\"><span class=\"whitespace-normal\">Nano<\/span><\/span> l\u00e0 th\u01b0\u01a1ng hi\u1ec7u qu\u1ed1c t\u1ebf uy t\u00edn, chuy\u00ean s\u00e2u v\u1ec1 <strong data-start=\"1389\" data-end=\"1429\">x\u1eed l\u00fd kh\u00ed n\u00e9n v\u00e0 t\u1ea1o kh\u00ed c\u00f4ng nghi\u1ec7p<\/strong>. C\u00e1c d\u00f2ng m\u00e1y t\u1ea1o kh\u00ed Ni t\u01a1 Nano \u0111\u01b0\u1ee3c thi\u1ebft k\u1ebf theo ti\u00eau chu\u1ea9n ch\u00e2u \u00c2u, n\u1ed5i b\u1eadt v\u1edbi \u0111\u1ed9 tin c\u1eady cao, v\u1eadn h\u00e0nh \u1ed5n \u0111\u1ecbnh v\u00e0 t\u1ed1i \u01b0u chi ph\u00ed cho doanh nghi\u1ec7p.<\/p>\n<p data-start=\"1584\" data-end=\"1651\">D\u00f2ng <strong data-start=\"1589\" data-end=\"1629\">m\u00e1y t\u1ea1o kh\u00ed Ni t\u01a1 Nano c\u00f4ng su\u1ea5t nh\u1ecf<\/strong> \u0111\u1eb7c bi\u1ec7t ph\u00f9 h\u1ee3p cho:<\/p>\n<ul>\n<li data-start=\"1654\" data-end=\"1681\">Nh\u00e0 m\u00e1y quy m\u00f4 nh\u1ecf v\u00e0 v\u1eeba<\/li>\n<li data-start=\"1684\" data-end=\"1713\">D\u00e2y chuy\u1ec1n s\u1ea3n xu\u1ea5t \u0111\u1ed9c l\u1eadp<\/li>\n<li data-start=\"1716\" data-end=\"1739\">Ph\u00f2ng th\u00ed nghi\u1ec7m, R&amp;D<\/li>\n<li data-start=\"1742\" data-end=\"1794\">\u1ee8ng d\u1ee5ng c\u1ea7n N\u2082 li\u00ean t\u1ee5c nh\u01b0ng l\u01b0u l\u01b0\u1ee3ng kh\u00f4ng l\u1edbn<\/li>\n<\/ul>\n<h2 data-start=\"217\" data-end=\"305\"><strong data-start=\"220\" data-end=\"305\">M\u00e1y t\u1ea1o kh\u00ed Nit\u01a1 GEN2 MINI PSA nano \u2013 Gi\u1ea3i ph\u00e1p nit\u01a1 tinh khi\u1ebft cho l\u01b0u l\u01b0\u1ee3ng nh\u1ecf<\/strong><\/h2>\n<p data-start=\"307\" data-end=\"667\"><strong data-start=\"307\" data-end=\"346\">M\u00e1y t\u1ea1o kh\u00ed nit\u01a1 GEN2 MINI PSA nano<\/strong> l\u00e0 gi\u1ea3i ph\u00e1p s\u1ea3n xu\u1ea5t nit\u01a1 t\u1ea1i ch\u1ed7 l\u00fd t\u01b0\u1edfng cho c\u00e1c \u1ee9ng d\u1ee5ng y\u00eau c\u1ea7u <strong data-start=\"416\" data-end=\"458\">l\u01b0u l\u01b0\u1ee3ng th\u1ea5p nh\u01b0ng \u0111\u1ed9 tinh khi\u1ebft cao<\/strong>. Thi\u1ebft b\u1ecb t\u1ea1o ra ngu\u1ed3n <strong data-start=\"482\" data-end=\"508\">nit\u01a1 li\u00ean t\u1ee5c, \u1ed5n \u0111\u1ecbnh<\/strong>, v\u1edbi \u0111\u1ed9 tinh khi\u1ebft t\u1eeb <strong data-start=\"531\" data-end=\"550\">95% \u0111\u1ebfn 99,999%<\/strong>, tr\u1ef1c ti\u1ebfp t\u1eeb kh\u00ed n\u00e9n \u2013 gi\u00fap doanh nghi\u1ec7p <strong data-start=\"593\" data-end=\"666\">lo\u1ea1i b\u1ecf ho\u00e0n to\u00e0n chi ph\u00ed v\u00e0 r\u1ee7i ro v\u1eadn chuy\u1ec3n b\u00ecnh nit\u01a1 truy\u1ec1n th\u1ed1ng<\/strong>.<\/p>\n<h3 data-start=\"669\" data-end=\"692\"><strong data-start=\"673\" data-end=\"692\">\u01afu \u0111i\u1ec3m n\u1ed5i b\u1eadt<\/strong><\/h3>\n<ul>\n<li data-start=\"696\" data-end=\"752\">S\u1ea3n xu\u1ea5t nit\u01a1 t\u1ea1i ch\u1ed7 \u2013 an to\u00e0n v\u00e0 ch\u1ee7 \u0111\u1ed9ng ngu\u1ed3n cung<\/li>\n<li data-start=\"755\" data-end=\"808\">\u0110\u1ed9 tinh khi\u1ebft cao, \u0111\u00e1p \u1ee9ng \u0111a d\u1ea1ng nhu c\u1ea7u s\u1ea3n xu\u1ea5t<\/li>\n<li data-start=\"811\" data-end=\"857\">Ti\u00eau th\u1ee5 kh\u00ed n\u00e9n th\u1ea5p \u2013 ti\u1ebft ki\u1ec7m n\u0103ng l\u01b0\u1ee3ng<\/li>\n<li data-start=\"860\" data-end=\"911\">H\u1ec7 th\u1ed1ng \u0111i\u1ec1u khi\u1ec3n th\u00f4ng minh \u2013 v\u1eadn h\u00e0nh \u1ed5n \u0111\u1ecbnh<\/li>\n<li data-start=\"914\" data-end=\"964\">Thi\u1ebft k\u1ebf nh\u1ecf g\u1ecdn \u2013 d\u1ec5 l\u1eafp \u0111\u1eb7t trong m\u1ecdi kh\u00f4ng gian<\/li>\n<\/ul>\n<h3 data-start=\"966\" data-end=\"1009\"><strong data-start=\"970\" data-end=\"1009\">Gi\u1ea3i ph\u00e1p ti\u1ebft ki\u1ec7m chi ph\u00ed d\u00e0i h\u1ea1n<\/strong><\/h3>\n<p data-start=\"1011\" data-end=\"1319\">V\u1edbi c\u00f4ng ngh\u1ec7 <strong data-start=\"1025\" data-end=\"1042\">PSA ti\u00ean ti\u1ebfn<\/strong>, GEN2 MINI PSA gi\u00fap gi\u1ea3m \u0111\u00e1ng k\u1ec3 chi ph\u00ed v\u1eadn h\u00e0nh so v\u1edbi vi\u1ec7c mua v\u00e0 v\u1eadn chuy\u1ec3n nit\u01a1 h\u00f3a l\u1ecfng ho\u1eb7c b\u00ecnh cao \u00e1p. \u0110\u1ed3ng th\u1eddi, thi\u1ebft b\u1ecb \u0111\u1ea3m b\u1ea3o <strong data-start=\"1183\" data-end=\"1228\">ngu\u1ed3n nit\u01a1 s\u1ea1ch, li\u00ean t\u1ee5c v\u00e0 \u0111\u00e1ng tin c\u1eady<\/strong>, ph\u1ee5c v\u1ee5 t\u1ed1i \u01b0u cho c\u00e1c ng\u00e0nh \u0111i\u1ec7n t\u1eed, th\u1ef1c ph\u1ea9m, d\u01b0\u1ee3c ph\u1ea9m, \u0111\u00f3ng g\u00f3i v\u00e0 ph\u00f2ng th\u00ed nghi\u1ec7m.<\/p>\n<h2 data-start=\"1801\" data-end=\"1863\"><strong data-start=\"1804\" data-end=\"1863\">V\u00ec sao n\u00ean t\u1ea1o kh\u00ed Ni t\u01a1 t\u1ea1i ch\u1ed7 thay v\u00ec d\u00f9ng b\u00ecnh kh\u00ed?<\/strong><\/h2>\n<p data-start=\"1864\" data-end=\"1943\">Vi\u1ec7c s\u1eed d\u1ee5ng m\u00e1y t\u1ea1o kh\u00ed Ni t\u01a1 Nano mang l\u1ea1i nhi\u1ec1u l\u1ee3i \u00edch so v\u1edbi N\u2082 \u0111\u00f3ng chai:<\/p>\n<ul>\n<li data-start=\"1947\" data-end=\"1997\">Ch\u1ee7 \u0111\u1ed9ng ngu\u1ed3n kh\u00ed, kh\u00f4ng ph\u1ee5 thu\u1ed9c nh\u00e0 cung c\u1ea5p<\/li>\n<li data-start=\"2000\" data-end=\"2048\">Lo\u1ea1i b\u1ecf r\u1ee7i ro gi\u00e1n \u0111o\u1ea1n s\u1ea3n xu\u1ea5t do thi\u1ebfu kh\u00ed<\/li>\n<li data-start=\"2051\" data-end=\"2096\">Gi\u1ea3m chi ph\u00ed v\u1eadn chuy\u1ec3n, l\u01b0u tr\u1eef v\u00e0 an to\u00e0n<\/li>\n<li data-start=\"2099\" data-end=\"2145\">Ki\u1ec3m so\u00e1t t\u1ed1t \u0111\u1ed9 tinh khi\u1ebft kh\u00ed theo nhu c\u1ea7u<\/li>\n<li data-start=\"2148\" data-end=\"2173\">Ho\u1ea1t \u0111\u1ed9ng li\u00ean t\u1ee5c 24\/7<\/li>\n<\/ul>\n<p data-start=\"2175\" data-end=\"2300\">\u0110\u1eb7c bi\u1ec7t v\u1edbi nhu c\u1ea7u c\u00f4ng su\u1ea5t nh\u1ecf, <strong data-start=\"2211\" data-end=\"2237\">m\u00e1y t\u1ea1o kh\u00ed Ni t\u01a1 Nano<\/strong> gi\u00fap t\u1ed1i \u01b0u \u0111\u1ea7u t\u01b0 ban \u0111\u1ea7u nh\u01b0ng v\u1eabn \u0111\u1ea3m b\u1ea3o hi\u1ec7u qu\u1ea3 d\u00e0i h\u1ea1n.<\/p>\n<h2 data-start=\"2307\" data-end=\"2358\"><strong data-start=\"2310\" data-end=\"2358\">C\u00f4ng ngh\u1ec7 PSA \u2013 N\u1ec1n t\u1ea3ng t\u1ea1o kh\u00ed N\u2082 c\u1ee7a Nano<\/strong><\/h2>\n<p data-start=\"2359\" data-end=\"2526\">M\u00e1y t\u1ea1o kh\u00ed Ni t\u01a1 Nano c\u00f4ng su\u1ea5t nh\u1ecf s\u1eed d\u1ee5ng <strong data-start=\"2404\" data-end=\"2449\">c\u00f4ng ngh\u1ec7 PSA (Pressure Swing Adsorption)<\/strong> \u2013 ph\u01b0\u01a1ng ph\u00e1p ph\u1ed5 bi\u1ebfn v\u00e0 hi\u1ec7u qu\u1ea3 nh\u1ea5t hi\u1ec7n nay \u0111\u1ec3 t\u00e1ch Ni t\u01a1 t\u1eeb kh\u00f4ng kh\u00ed.<\/p>\n<h3 data-start=\"2528\" data-end=\"2555\"><strong data-start=\"2532\" data-end=\"2555\">Nguy\u00ean l\u00fd ho\u1ea1t \u0111\u1ed9ng<\/strong><\/h3>\n<ul>\n<li data-start=\"2558\" data-end=\"2607\">Kh\u00f4ng kh\u00ed \u0111\u01b0\u1ee3c n\u00e9n v\u00e0 l\u00e0m s\u1ea1ch qua h\u1ec7 th\u1ed1ng l\u1ecdc<\/li>\n<li data-start=\"2610\" data-end=\"2684\">Kh\u00f4ng kh\u00ed \u0111i v\u00e0o b\u00ecnh ch\u1ee9a v\u1eadt li\u1ec7u h\u1ea5p ph\u1ee5 carbon molecular sieve (CMS)<\/li>\n<li data-start=\"2687\" data-end=\"2717\">Oxy b\u1ecb gi\u1eef l\u1ea1i, Ni t\u01a1 \u0111i qua<\/li>\n<li data-start=\"2720\" data-end=\"2780\">Hai c\u1ed9t PSA lu\u00e2n phi\u00ean ho\u1ea1t \u0111\u1ed9ng, \u0111\u1ea3m b\u1ea3o c\u1ea5p kh\u00ed li\u00ean t\u1ee5c<\/li>\n<\/ul>\n<p data-start=\"2782\" data-end=\"2820\">C\u00f4ng ngh\u1ec7 PSA cho ph\u00e9p t\u1ea1o kh\u00ed N\u2082 v\u1edbi:<\/p>\n<ul>\n<li data-start=\"2823\" data-end=\"2846\">\u0110\u1ed9 tinh khi\u1ebft \u1ed5n \u0111\u1ecbnh<\/li>\n<li data-start=\"2849\" data-end=\"2872\">Chi ph\u00ed v\u1eadn h\u00e0nh th\u1ea5p<\/li>\n<li data-start=\"2875\" data-end=\"2901\">\u0110\u1ed9 b\u1ec1n cao v\u00e0 d\u1ec5 b\u1ea3o tr\u00ec<\/li>\n<\/ul>\n<h2>Th\u00f4ng s\u1ed1 k\u1ef9 thu\u1eadt ti\u00eau bi\u1ec3u c\u1ee7a m\u00e1y t\u1ea1o kh\u00ed Ni t\u01a1 Nano c\u00f4ng su\u1ea5t nh\u1ecf<\/h2>\n<div id=\"attachment_8285\" style=\"width: 1390px\" class=\"wp-caption aligncenter\"><img decoding=\"async\" aria-describedby=\"caption-attachment-8285\" class=\"lazyload wp-image-8285 size-full\" src=\"https:\/\/phuchungvn.com.vn\/wp-content\/uploads\/2024\/08\/Nano-cong-suat-nho-N2.jpg\" data-orig-src=\"https:\/\/phuchungvn.com.vn\/wp-content\/uploads\/2024\/08\/Nano-cong-suat-nho-N2.jpg\" alt=\"Th\u00f4ng s\u1ed1 k\u1ef9 thu\u1eadt ti\u00eau bi\u1ec3u c\u1ee7a m\u00e1y t\u1ea1o kh\u00ed Ni t\u01a1 Nano c\u00f4ng su\u1ea5t nh\u1ecf\" width=\"1380\" height=\"413\" srcset=\"data:image\/svg+xml,%3Csvg%20xmlns%3D%27http%3A%2F%2Fwww.w3.org%2F2000%2Fsvg%27%20width%3D%271380%27%20height%3D%27413%27%20viewBox%3D%270%200%201380%20413%27%3E%3Crect%20width%3D%271380%27%20height%3D%27413%27%20fill-opacity%3D%220%22%2F%3E%3C%2Fsvg%3E\" data-srcset=\"https:\/\/phuchungvn.com.vn\/wp-content\/uploads\/2024\/08\/Nano-cong-suat-nho-N2-18x5.jpg 18w, https:\/\/phuchungvn.com.vn\/wp-content\/uploads\/2024\/08\/Nano-cong-suat-nho-N2-200x60.jpg 200w, https:\/\/phuchungvn.com.vn\/wp-content\/uploads\/2024\/08\/Nano-cong-suat-nho-N2-300x90.jpg 300w, https:\/\/phuchungvn.com.vn\/wp-content\/uploads\/2024\/08\/Nano-cong-suat-nho-N2-400x120.jpg 400w, https:\/\/phuchungvn.com.vn\/wp-content\/uploads\/2024\/08\/Nano-cong-suat-nho-N2-500x150.jpg 500w, https:\/\/phuchungvn.com.vn\/wp-content\/uploads\/2024\/08\/Nano-cong-suat-nho-N2-600x180.jpg 600w, https:\/\/phuchungvn.com.vn\/wp-content\/uploads\/2024\/08\/Nano-cong-suat-nho-N2-700x209.jpg 700w, https:\/\/phuchungvn.com.vn\/wp-content\/uploads\/2024\/08\/Nano-cong-suat-nho-N2-768x230.jpg 768w, https:\/\/phuchungvn.com.vn\/wp-content\/uploads\/2024\/08\/Nano-cong-suat-nho-N2-800x239.jpg 800w, https:\/\/phuchungvn.com.vn\/wp-content\/uploads\/2024\/08\/Nano-cong-suat-nho-N2-1024x306.jpg 1024w, https:\/\/phuchungvn.com.vn\/wp-content\/uploads\/2024\/08\/Nano-cong-suat-nho-N2-1200x359.jpg 1200w, https:\/\/phuchungvn.com.vn\/wp-content\/uploads\/2024\/08\/Nano-cong-suat-nho-N2.jpg 1380w\" data-sizes=\"auto\" data-orig-sizes=\"(max-width: 1380px) 100vw, 1380px\" \/><p id=\"caption-attachment-8285\" class=\"wp-caption-text\">Th\u00f4ng s\u1ed1 k\u1ef9 thu\u1eadt ti\u00eau bi\u1ec3u c\u1ee7a m\u00e1y t\u1ea1o kh\u00ed Ni t\u01a1 Nano c\u00f4ng su\u1ea5t nh\u1ecf<\/p><\/div>\n\n<table id=\"tablepress-120\" class=\"tablepress tablepress-id-120 tbody-has-connected-cells\">\n<thead>\n<tr class=\"row-1\">\n\t<th colspan=\"16\" class=\"column-1\">nano N2: Low Flow Nitrogen Gas Generators<\/th>\n<\/tr>\n<\/thead>\n<tbody class=\"row-striping row-hover\">\n<tr class=\"row-2\">\n\t<td rowspan=\"2\" class=\"column-1\">MODEL<\/td><td class=\"column-2\">RATED OUTLET FLOW (1)<\/td><td colspan=\"10\" class=\"column-3\">NITROGEN PURITY AT THE OUTLET (MAXIMUM OXYGEN CONTENT)<\/td><td colspan=\"3\" class=\"column-13\">DIMENSIONS (INCHES)<\/td><td class=\"column-16\">APPROX. WEIGHT<\/td>\n<\/tr>\n<tr class=\"row-3\">\n\t<td class=\"column-2\"><\/td><td class=\"column-3\">99.999% (10 PPM)<\/td><td class=\"column-4\">99.995% (50 PPM)<\/td><td class=\"column-5\">99.99% (100 PPM)<\/td><td class=\"column-6\">99.95% (500 PPM)<\/td><td class=\"column-7\">99.9% (0.10%)<\/td><td class=\"column-8\">99.5% (0.50%)<\/td><td class=\"column-9\">99% (1%)<\/td><td class=\"column-10\">98% (2%)<\/td><td class=\"column-11\">97% (3%)<\/td><td class=\"column-12\">95% (5%)<\/td><td class=\"column-13\">A<\/td><td class=\"column-14\">B<\/td><td class=\"column-15\">C<\/td><td class=\"column-16\">LBS<\/td>\n<\/tr>\n<tr class=\"row-4\">\n\t<td class=\"column-1\">GEN2MINI-060<\/td><td class=\"column-2\">scfh<\/td><td class=\"column-3\">-<\/td><td class=\"column-4\">-<\/td><td class=\"column-5\">-<\/td><td class=\"column-6\">21<\/td><td class=\"column-7\">28<\/td><td class=\"column-8\">60<\/td><td class=\"column-9\">74<\/td><td class=\"column-10\">99<\/td><td class=\"column-11\">120<\/td><td class=\"column-12\">152<\/td><td class=\"column-13\">29<\/td><td class=\"column-14\">17<\/td><td class=\"column-15\">18<\/td><td class=\"column-16\">119<\/td>\n<\/tr>\n<tr class=\"row-5\">\n\t<td class=\"column-1\">GEN2MINI-080<\/td><td class=\"column-2\">scfh<\/td><td class=\"column-3\">-<\/td><td class=\"column-4\">28<\/td><td class=\"column-5\">35<\/td><td class=\"column-6\">46<\/td><td class=\"column-7\">60<\/td><td class=\"column-8\">99<\/td><td class=\"column-9\">131<\/td><td class=\"column-10\">166<\/td><td class=\"column-11\">194<\/td><td class=\"column-12\">244<\/td><td class=\"column-13\">36<\/td><td class=\"column-14\">17<\/td><td class=\"column-15\">18<\/td><td class=\"column-16\">139<\/td>\n<\/tr>\n<tr class=\"row-6\">\n\t<td class=\"column-1\">GEN2MINI-100<\/td><td class=\"column-2\">scfh<\/td><td class=\"column-3\">18<\/td><td class=\"column-4\">46<\/td><td class=\"column-5\">53<\/td><td class=\"column-6\">78<\/td><td class=\"column-7\">88<\/td><td class=\"column-8\">148<\/td><td class=\"column-9\">187<\/td><td class=\"column-10\">240<\/td><td class=\"column-11\">276<\/td><td class=\"column-12\">339<\/td><td class=\"column-13\">43<\/td><td class=\"column-14\">17<\/td><td class=\"column-15\">18<\/td><td class=\"column-16\">168<\/td>\n<\/tr>\n<tr class=\"row-7\">\n\t<td class=\"column-1\">GEN2MINI-110<\/td><td class=\"column-2\">scfh<\/td><td class=\"column-3\">28<\/td><td class=\"column-4\">49<\/td><td class=\"column-5\">60<\/td><td class=\"column-6\">95<\/td><td class=\"column-7\">113<\/td><td class=\"column-8\">184<\/td><td class=\"column-9\">226<\/td><td class=\"column-10\">276<\/td><td class=\"column-11\">311<\/td><td class=\"column-12\">392<\/td><td class=\"column-13\">49<\/td><td class=\"column-14\">17<\/td><td class=\"column-15\">18<\/td><td class=\"column-16\">183<\/td>\n<\/tr>\n<tr class=\"row-8\">\n\t<td class=\"column-1\">GEN2MINI-120<\/td><td class=\"column-2\">scfh<\/td><td class=\"column-3\">57<\/td><td class=\"column-4\">78<\/td><td class=\"column-5\">88<\/td><td class=\"column-6\">131<\/td><td class=\"column-7\">152<\/td><td class=\"column-8\">219<\/td><td class=\"column-9\">283<\/td><td class=\"column-10\">357<\/td><td class=\"column-11\">413<\/td><td class=\"column-12\">505<\/td><td class=\"column-13\">59<\/td><td class=\"column-14\">17<\/td><td class=\"column-15\">18<\/td><td class=\"column-16\">212<\/td>\n<\/tr>\n<tr class=\"row-9\">\n\t<td class=\"column-1\">GEN2MINI-130<\/td><td class=\"column-2\">scfh<\/td><td class=\"column-3\">64<\/td><td class=\"column-4\">106<\/td><td class=\"column-5\">120<\/td><td class=\"column-6\">166<\/td><td class=\"column-7\">194<\/td><td class=\"column-8\">279<\/td><td class=\"column-9\">350<\/td><td class=\"column-10\">431<\/td><td class=\"column-11\">498<\/td><td class=\"column-12\">664<\/td><td class=\"column-13\">73<\/td><td class=\"column-14\">17<\/td><td class=\"column-15\">18<\/td><td class=\"column-16\">249<\/td>\n<\/tr>\n<\/tbody>\n<\/table>\n<!-- #tablepress-120 from cache -->\n<div class=\"flex flex-col text-sm pb-25\">\n<article class=\"text-token-text-primary w-full focus:outline-none [--shadow-height:45px] has-data-writing-block:pointer-events-none has-data-writing-block:-mt-(--shadow-height) has-data-writing-block:pt-(--shadow-height) [&amp;:has([data-writing-block])&gt;*]:pointer-events-auto scroll-mt-[calc(var(--header-height)+min(200px,max(70px,20svh)))]\" dir=\"auto\" tabindex=\"-1\" data-turn-id=\"985cdb07-498b-41ae-b123-dd32654a7eb9\" data-testid=\"conversation-turn-63\" data-scroll-anchor=\"true\" data-turn=\"assistant\">\n<div class=\"text-base my-auto mx-auto pb-10 [--thread-content-margin:--spacing(4)] @w-sm\/main:[--thread-content-margin:--spacing(6)] @w-lg\/main:[--thread-content-margin:--spacing(16)] px-(--thread-content-margin)\">\n<div class=\"[--thread-content-max-width:40rem] @w-lg\/main:[--thread-content-max-width:48rem] mx-auto max-w-(--thread-content-max-width) flex-1 group\/turn-messages focus-visible:outline-hidden relative flex w-full min-w-0 flex-col agent-turn\" tabindex=\"-1\">\n<div class=\"flex max-w-full flex-col grow\">\n<div class=\"min-h-8 text-message relative flex w-full flex-col items-end gap-2 text-start break-words whitespace-normal [.text-message+&amp;]:mt-1\" dir=\"auto\" data-message-author-role=\"assistant\" data-message-id=\"31e267a2-a417-45ad-8de8-8ba80c6d379a\" data-message-model-slug=\"gpt-5-2\">\n<div class=\"flex w-full flex-col gap-1 empty:hidden first:pt-[1px]\">\n<div class=\"markdown prose dark:prose-invert w-full break-words light markdown-new-styling\">\n<h2 data-start=\"3729\" data-end=\"3792\"><strong data-start=\"3732\" data-end=\"3792\">\u01afu \u0111i\u1ec3m n\u1ed5i b\u1eadt c\u1ee7a m\u00e1y t\u1ea1o kh\u00ed Ni t\u01a1 Nano c\u00f4ng su\u1ea5t nh\u1ecf<\/strong><\/h2>\n<ul>\n<li data-start=\"3795\" data-end=\"3841\">T\u1ea1o kh\u00ed N\u2082 t\u1ea1i ch\u1ed7 \u2013 ch\u1ee7 \u0111\u1ed9ng ngu\u1ed3n cung<\/li>\n<li data-start=\"3844\" data-end=\"3889\">Chi ph\u00ed v\u1eadn h\u00e0nh th\u1ea5p h\u01a1n d\u00f9ng b\u00ecnh kh\u00ed<\/li>\n<li data-start=\"3892\" data-end=\"3932\">\u0110\u1ed9 tinh khi\u1ebft \u1ed5n \u0111\u1ecbnh theo y\u00eau c\u1ea7u<\/li>\n<li data-start=\"3935\" data-end=\"3969\">Thi\u1ebft k\u1ebf nh\u1ecf g\u1ecdn, d\u1ec5 l\u1eafp \u0111\u1eb7t<\/li>\n<li data-start=\"3972\" data-end=\"4010\">V\u1eadn h\u00e0nh t\u1ef1 \u0111\u1ed9ng, \u0111\u1ed9 tin c\u1eady cao<\/li>\n<li data-start=\"4013\" data-end=\"4049\">Th\u01b0\u01a1ng hi\u1ec7u Nano uy t\u00edn to\u00e0n c\u1ea7u<\/li>\n<\/ul>\n<h2 data-start=\"4056\" data-end=\"4096\"><strong data-start=\"4059\" data-end=\"4096\">\u1ee8ng d\u1ee5ng th\u1ef1c t\u1ebf \u2013 Experience (E)<\/strong><\/h2>\n<p data-start=\"4097\" data-end=\"4163\">M\u00e1y t\u1ea1o kh\u00ed Ni t\u01a1 Nano c\u00f4ng su\u1ea5t nh\u1ecf \u0111\u01b0\u1ee3c \u1ee9ng d\u1ee5ng r\u1ed9ng r\u00e3i trong:<\/p>\n<ul>\n<li data-start=\"4166\" data-end=\"4208\">Th\u1ef1c ph\u1ea9m &amp; bao b\u00ec: th\u1ed5i N\u2082 b\u1ea3o qu\u1ea3n<\/li>\n<li data-start=\"4211\" data-end=\"4249\">\u0110i\u1ec7n t\u1eed: ch\u1ed1ng oxy h\u00f3a linh ki\u1ec7n<\/li>\n<li data-start=\"4252\" data-end=\"4280\">Ph\u00f2ng th\u00ed nghi\u1ec7m &amp; R&amp;D<\/li>\n<li data-start=\"4283\" data-end=\"4315\">In \u1ea5n, laser c\u00f4ng su\u1ea5t nh\u1ecf<\/li>\n<li data-start=\"4318\" data-end=\"4357\">S\u1ea3n xu\u1ea5t linh ki\u1ec7n c\u01a1 kh\u00ed ch\u00ednh x\u00e1c<\/li>\n<li data-start=\"4359\" data-end=\"4513\">Theo ph\u1ea3n h\u1ed3i t\u1eeb k\u1ef9 s\u01b0 v\u1eadn h\u00e0nh, h\u1ec7 th\u1ed1ng t\u1ea1o N\u2082 Nano gi\u00fap <strong data-start=\"4418\" data-end=\"4455\">gi\u1ea3m \u0111\u00e1ng k\u1ec3 chi ph\u00ed kh\u00ed ti\u00eau hao<\/strong>, \u0111\u1ed3ng th\u1eddi \u0111\u1ea3m b\u1ea3o \u0111\u1ed9 \u1ed5n \u0111\u1ecbnh cao cho qu\u00e1 tr\u00ecnh s\u1ea3n xu\u1ea5t.<\/li>\n<\/ul>\n<div class=\"TyagGW_tableContainer\">\n<div class=\"group TyagGW_tableWrapper flex flex-col-reverse w-fit\" tabindex=\"-1\"><\/div>\n<\/div>\n<h2 data-start=\"4799\" data-end=\"4855\"><strong data-start=\"4802\" data-end=\"4855\">H\u01b0\u1edbng d\u1eabn l\u1ef1a ch\u1ecdn m\u00e1y t\u1ea1o kh\u00ed Ni t\u01a1 Nano ph\u00f9 h\u1ee3p<\/strong><\/h2>\n<p data-start=\"4856\" data-end=\"4882\">Doanh nghi\u1ec7p c\u1ea7n x\u00e1c \u0111\u1ecbnh:<\/p>\n<ul>\n<li data-start=\"4885\" data-end=\"4919\">L\u01b0u l\u01b0\u1ee3ng N\u2082 s\u1eed d\u1ee5ng th\u1ef1c t\u1ebf<\/li>\n<li data-start=\"4922\" data-end=\"4949\">\u0110\u1ed9 tinh khi\u1ebft y\u00eau c\u1ea7u<\/li>\n<li data-start=\"4952\" data-end=\"4976\">\u00c1p su\u1ea5t kh\u00ed \u0111\u1ea7u ra<\/li>\n<li data-start=\"4979\" data-end=\"5009\">H\u1ec7 th\u1ed1ng kh\u00ed n\u00e9n hi\u1ec7n c\u00f3<\/li>\n<\/ul>\n<p data-start=\"5011\" data-end=\"5093\">Vi\u1ec7c l\u1ef1a ch\u1ecdn \u0111\u00fang model c\u00f4ng su\u1ea5t nh\u1ecf gi\u00fap <strong data-start=\"5055\" data-end=\"5092\">t\u1ed1i \u01b0u chi ph\u00ed \u0111\u1ea7u t\u01b0 v\u00e0 v\u1eadn h\u00e0nh<\/strong>.<\/p>\n<h2 data-start=\"5100\" data-end=\"5159\"><strong data-start=\"5103\" data-end=\"5159\">V\u00ec sao n\u00ean mua m\u00e1y t\u1ea1o kh\u00ed Ni t\u01a1 Nano t\u1ea1i Ph\u1ee5c H\u01b0ng?<\/strong><\/h2>\n<ul>\n<li data-start=\"5162\" data-end=\"5232\">Kinh nghi\u1ec7m th\u1ef1c t\u1ebf trong <strong data-start=\"5188\" data-end=\"5230\">tri\u1ec3n khai h\u1ec7 th\u1ed1ng t\u1ea1o kh\u00ed N\u2082 t\u1ea1i ch\u1ed7<\/strong><\/li>\n<li data-start=\"5235\" data-end=\"5295\">T\u01b0 v\u1ea5n \u0111\u00fang c\u00f4ng su\u1ea5t \u2013 \u0111\u00fang \u0111\u1ed9 tinh khi\u1ebft \u2013 \u0111\u00fang \u1ee9ng d\u1ee5ng<\/li>\n<li data-start=\"5298\" data-end=\"5346\">Cung c\u1ea5p <strong data-start=\"5307\" data-end=\"5344\">m\u00e1y t\u1ea1o kh\u00ed Ni t\u01a1 Nano ch\u00ednh h\u00e3ng<\/strong><\/li>\n<li data-start=\"5349\" data-end=\"5397\">D\u1ecbch v\u1ee5 k\u1ef9 thu\u1eadt, b\u1ea3o h\u00e0nh &amp; h\u1eadu m\u00e3i minh b\u1ea1ch<\/li>\n<\/ul>\n<p data-start=\"5442\" data-end=\"5711\" data-is-last-node=\"\" data-is-only-node=\"\">B\u1ea1n \u0111ang c\u1ea7n <a href=\"https:\/\/phuchungvn.com.vn\/may-tao-khi-ni-to-nano-cong-suat-nho\"><strong data-start=\"5455\" data-end=\"5495\">m\u00e1y t\u1ea1o kh\u00ed Ni t\u01a1 Nano c\u00f4ng su\u1ea5t nh\u1ecf<\/strong><\/a> \u0111\u1ec3 ch\u1ee7 \u0111\u1ed9ng ngu\u1ed3n N\u2082, ti\u1ebft ki\u1ec7m chi ph\u00ed v\u00e0 n\u00e2ng cao hi\u1ec7u qu\u1ea3 s\u1ea3n xu\u1ea5t?<br data-start=\"5566\" data-end=\"5569\" \/>\ud83d\udc49 <strong data-start=\"5572\" data-end=\"5598\">Li\u00ean h\u1ec7 ngay <a href=\"https:\/\/phuchungvn.com.vn\/\">Ph\u1ee5c H\u01b0ng<\/a><\/strong> \u0111\u1ec3 \u0111\u01b0\u1ee3c t\u01b0 v\u1ea5n k\u1ef9 thu\u1eadt chuy\u00ean s\u00e2u, l\u1ef1a ch\u1ecdn c\u1ea5u h\u00ecnh ph\u00f9 h\u1ee3p v\u00e0 nh\u1eadn b\u00e1o gi\u00e1 t\u1ed1t nh\u1ea5t cho doanh nghi\u1ec7p c\u1ee7a b\u1ea1n.<\/p>\n<\/div>\n<\/div>\n<\/div>\n<\/div>\n<div class=\"z-0 flex min-h-[46px] justify-start\"><\/div>\n<\/div>\n<\/div>\n<\/article>\n<\/div>\n","protected":false},"excerpt":{"rendered":"<table style=\"width: 99.6626%; height: 168px;\">\n<tbody>\n<tr style=\"height: 21px;\">\n<th style=\"width: 51.7091%; height: 21px;\">Specifications<\/th>\n<th style=\"width: 957.284%; height: 21px;\">Detail<\/th>\n<\/tr>\n<tr style=\"height: 21px;\">\n<td style=\"width: 51.7091%; height: 21px;\"><span style=\"color: #000000;\">Brand<\/span><\/td>\n<td style=\"width: 957.284%; height: 21px;\"><span style=\"color: #000000;\">Nano UK<\/span><\/td>\n<\/tr>\n<tr style=\"height: 21px;\">\n<td style=\"width: 51.7091%; height: 21px;\"><span style=\"color: #000000;\">Origin<\/span><\/td>\n<td style=\"width: 957.284%; height: 21px;\">United Kingdom<\/td>\n<\/tr>\n<tr style=\"height: 21px;\">\n<td style=\"width: 51.7091%; height: 21px;\">Purity<\/td>\n<td style=\"width: 957.284%; height: 21px;\"><span style=\"color: #000000;\">95-99,999%<\/span><\/td>\n<\/tr>\n<tr style=\"height: 21px;\">\n<td style=\"width: 51.7091%; height: 21px;\"><span style=\"color: #000000;\">Flow<\/span><\/td>\n<td style=\"width: 957.284%; height: 21px;\"><span style=\"color: #000000;\">18 &#8211; 664 SCFH<\/span><\/td>\n<\/tr>\n<tr style=\"height: 21px;\">\n<td style=\"width: 51.7091%; height: 21px;\"><span style=\"color: #000000;\">Product type<\/span><\/td>\n<td style=\"width: 957.284%; height: 21px;\"><span style=\"color: #000000;\">Nitrogen generator<\/span><\/td>\n<\/tr>\n<tr style=\"height: 21px;\">\n<td style=\"width: 51.7091%; height: 21px;\">Display screen<\/td>\n<td style=\"width: 957.284%; height: 21px;\">LCD<\/td>\n<\/tr>\n<tr style=\"height: 21px;\">\n<td style=\"width: 51.7091%; height: 21px;\">Voltage used<\/td>\n<td style=\"width: 957.284%; height: 21px;\">100-240V AC<\/td>\n<\/tr>\n<\/tbody>\n<\/table>","protected":false},"featured_media":6828,"template":"","meta":[],"product_cat":[322],"product_tag":[414,381,415],"class_list":{"0":"post-6769","1":"product","2":"type-product","3":"status-publish","4":"has-post-thumbnail","6":"product_cat-may-tao-khi-nito-nitrogen","7":"product_tag-khi-ni-to","8":"product_tag-may-tao-khi-ni-to","9":"product_tag-may-tao-khi-ni-to-nano","11":"first","12":"instock","13":"shipping-taxable","14":"product-type-simple"},"_links":{"self":[{"href":"https:\/\/phuchungvn.com.vn\/en\/wp-json\/wp\/v2\/product\/6769","targetHints":{"allow":["GET"]}}],"collection":[{"href":"https:\/\/phuchungvn.com.vn\/en\/wp-json\/wp\/v2\/product"}],"about":[{"href":"https:\/\/phuchungvn.com.vn\/en\/wp-json\/wp\/v2\/types\/product"}],"wp:featuredmedia":[{"embeddable":true,"href":"https:\/\/phuchungvn.com.vn\/en\/wp-json\/wp\/v2\/media\/6828"}],"wp:attachment":[{"href":"https:\/\/phuchungvn.com.vn\/en\/wp-json\/wp\/v2\/media?parent=6769"}],"wp:term":[{"taxonomy":"product_cat","embeddable":true,"href":"https:\/\/phuchungvn.com.vn\/en\/wp-json\/wp\/v2\/product_cat?post=6769"},{"taxonomy":"product_tag","embeddable":true,"href":"https:\/\/phuchungvn.com.vn\/en\/wp-json\/wp\/v2\/product_tag?post=6769"}],"curies":[{"name":"wp","href":"https:\/\/api.w.org\/{rel}","templated":true}]}}