{"id":6779,"date":"2024-08-08T22:18:59","date_gmt":"2024-08-08T15:18:59","guid":{"rendered":"https:\/\/nhomkinhhungthinhdn.com\/?post_type=product&#038;p=6779"},"modified":"2026-01-29T14:02:37","modified_gmt":"2026-01-29T07:02:37","slug":"may-nen-khi-truc-vit-khong-dau-ingersoll-rand-e-series-200-500-kw","status":"publish","type":"product","link":"https:\/\/phuchungvn.com.vn\/en\/may-nen-khi-truc-vit-khong-dau-ingersoll-rand-e-series-200-500-kw\/","title":{"rendered":"Ingersoll Rand E series 200-500 Kw oil-free screw air compressor"},"content":{"rendered":"<p data-start=\"922\" data-end=\"1376\">For large-scale production complexes, where <strong data-start=\"966\" data-end=\"992\">absolutely clean compressed air<\/strong> with <strong data-start=\"996\" data-end=\"1024\">24\/7 operational stability<\/strong> as a mandatory requirement, high-capacity oil-free air compressors play a central role in the entire process. <strong data-start=\"1129\" data-end=\"1198\">Ingersoll Rand E Series 200\u2013500 kW Oil-Free Screw Air Compressors<\/strong> specifically designed for heavy industrial plants, providing compressed air <strong data-start=\"1276\" data-end=\"1298\">ISO 8573-1 Class 0<\/strong>, superior energy efficiency and maximum reliability in continuous operation.<\/p>\n<h2 data-start=\"292\" data-end=\"376\"><strong data-start=\"295\" data-end=\"376\">Ingersoll Rand oil-free air compressors \u2013 The ultimate solution for pure compressed air.<\/strong><\/h2>\n<p data-start=\"378\" data-end=\"781\">Ingersoll Rand designs and manufactures a wide range of products <a href=\"https:\/\/phuchungvn.com.vn\/en\/san-pham-may-nen-khi-thuong-hieu-ingersoll-rand\/\"><strong data-start=\"422\" data-end=\"470\">high-performance oil-free screw air compressors<\/strong><\/a>, providing a source of pure compressed air that businesses can completely trust. With this foundation <strong data-start=\"563\" data-end=\"632\">over a century of experience and deep expertise in pneumatic technology<\/strong>, we are constantly collaborating <strong data-start=\"664\" data-end=\"684\">optimal technology<\/strong> with <strong data-start=\"690\" data-end=\"711\">innovative design<\/strong> in order to maximize <strong data-start=\"728\" data-end=\"780\">operational performance, productivity, and equipment durability<\/strong>.<\/p>\n<p data-start=\"783\" data-end=\"984\">Ingersoll Rand's focus was on construction <strong data-start=\"824\" data-end=\"866\">reliability of each compressor component<\/strong>, t\u1ea1o ra c\u00e1c h\u1ec7 th\u1ed1ng lu\u00f4n <strong data-start=\"893\" data-end=\"933\">superior in quality and performance<\/strong> compared to conventional solutions on the market.<\/p>\n<p data-start=\"986\" data-end=\"1336\">The entire line <strong data-start=\"999\" data-end=\"1048\">Ingersoll Rand oil-free screw air compressor<\/strong> provide <strong data-start=\"1058\" data-end=\"1089\">100% clean, oil-free compressed air<\/strong>, meets standards <strong data-start=\"1101\" data-end=\"1128\">ISO 8573-1:2010 Class 0<\/strong> \u2013 the highest standard for compressed air purity. This is the ideal choice for industries requiring absolutely clean compressed air such as <strong data-start=\"1251\" data-end=\"1335\">pharmaceuticals, food and beverages, textiles, electronics, and precision component manufacturing<\/strong>.<\/p>\n<p data-start=\"1338\" data-end=\"1464\">When <strong data-start=\"1342\" data-end=\"1367\">compressed air purity<\/strong> as a top priority, Ingersoll Rand is <strong data-start=\"1413\" data-end=\"1443\">the perfect compressed air solution<\/strong> for your factory.<\/p>\n<div id=\"attachment_7069\" style=\"width: 610px\" class=\"wp-caption aligncenter\"><img decoding=\"async\" aria-describedby=\"caption-attachment-7069\" class=\"lazyload wp-image-7069 size-fusion-600\" src=\"https:\/\/phuchungvn.com.vn\/wp-content\/uploads\/2024\/08\/brand-Inger-600x164.jpg\" data-orig-src=\"https:\/\/phuchungvn.com.vn\/wp-content\/uploads\/2024\/08\/brand-Inger-600x164.jpg\" alt=\"Ingersoll Rand\" width=\"600\" height=\"164\" srcset=\"data:image\/svg+xml,%3Csvg%20xmlns%3D%27http%3A%2F%2Fwww.w3.org%2F2000%2Fsvg%27%20width%3D%27600%27%20height%3D%27164%27%20viewBox%3D%270%200%20600%20164%27%3E%3Crect%20width%3D%27600%27%20height%3D%27164%27%20fill-opacity%3D%220%22%2F%3E%3C%2Fsvg%3E\" data-srcset=\"https:\/\/phuchungvn.com.vn\/wp-content\/uploads\/2024\/08\/brand-Inger-200x55.jpg 200w, https:\/\/phuchungvn.com.vn\/wp-content\/uploads\/2024\/08\/brand-Inger-300x82.jpg 300w, https:\/\/phuchungvn.com.vn\/wp-content\/uploads\/2024\/08\/brand-Inger-400x109.jpg 400w, https:\/\/phuchungvn.com.vn\/wp-content\/uploads\/2024\/08\/brand-Inger-500x137.jpg 500w, https:\/\/phuchungvn.com.vn\/wp-content\/uploads\/2024\/08\/brand-Inger-600x164.jpg 600w, https:\/\/phuchungvn.com.vn\/wp-content\/uploads\/2024\/08\/brand-Inger-700x191.jpg 700w, https:\/\/phuchungvn.com.vn\/wp-content\/uploads\/2024\/08\/brand-Inger-768x210.jpg 768w, https:\/\/phuchungvn.com.vn\/wp-content\/uploads\/2024\/08\/brand-Inger-800x219.jpg 800w, https:\/\/phuchungvn.com.vn\/wp-content\/uploads\/2024\/08\/brand-Inger-1024x280.jpg 1024w, https:\/\/phuchungvn.com.vn\/wp-content\/uploads\/2024\/08\/brand-Inger-1200x328.jpg 1200w, https:\/\/phuchungvn.com.vn\/wp-content\/uploads\/2024\/08\/brand-Inger.jpg 1536w\" data-sizes=\"auto\" data-orig-sizes=\"(max-width: 600px) 100vw, 600px\" \/><p id=\"caption-attachment-7069\" class=\"wp-caption-text\">Gardner Denver \u2013 Ingersoll Rand group<\/p><\/div>\n<h2 data-start=\"1383\" data-end=\"1457\"><strong data-start=\"1386\" data-end=\"1457\">Overview of Ingersoll Rand E Series Oil-Free Screw Air Compressors<\/strong><\/h2>\n<p data-start=\"304\" data-end=\"705\"><strong data-start=\"304\" data-end=\"362\">Ingersoll Rand E Series Oil-Free Screw Air Compressors<\/strong> is a new generation of high-capacity compressors, developed specifically for large-scale factory and industrial park central air systems. With over <strong data-start=\"510\" data-end=\"533\">150 years of experience<\/strong> in the field of pneumatic technology and industrial equipment, Ingersoll Rand provides solutions <strong data-start=\"635\" data-end=\"704\">absolutely clean compressed air, superior performance, and long-term reliability<\/strong>.<\/p>\n<p data-start=\"707\" data-end=\"802\">The single-stage <strong data-start=\"712\" data-end=\"724\">E Series<\/strong> designed to meet the most demanding requirements of modern manufacturing:<\/p>\n<ul>\n<li data-start=\"806\" data-end=\"862\">100% oil-free compressed air, meeting standards <strong data-start=\"840\" data-end=\"862\">ISO 8573-1 Class 0<\/strong><\/li>\n<li data-start=\"865\" data-end=\"913\">Optimal energy efficiency for long-term operation.<\/li>\n<li data-start=\"916\" data-end=\"960\">High mechanical durability, stable and continuous operation.<\/li>\n<li data-start=\"963\" data-end=\"1010\">Easily integrated into central compressed air systems.<\/li>\n<\/ul>\n<p data-start=\"1012\" data-end=\"1223\">With <strong data-start=\"1016\" data-end=\"1049\">Power range from 200 \u2013 500 kW<\/strong>, the Ingersoll Rand E Series air compressor is the ideal choice for large-scale factories, continuous production lines, and industries requiring absolutely pure compressed air.<\/p>\n<h3 data-start=\"1225\" data-end=\"1262\"><strong data-start=\"1229\" data-end=\"1262\">Market-leading performance<\/strong><\/h3>\n<p data-start=\"1264\" data-end=\"1580\">Oil-free screw drive system <strong data-start=\"1292\" data-end=\"1304\">E-Series<\/strong> delivers class-leading performance while maintaining the renowned durability of Ingersoll Rand. Thanks to <strong data-start=\"1403\" data-end=\"1461\">optimized air intake design and improved rotor configuration<\/strong>, overall performance is improved <strong data-start=\"1496\" data-end=\"1509\">t\u1edbi 13,5%<\/strong>, this simultaneously increases compressed air flow and significantly reduces energy consumption.<\/p>\n<p data-start=\"1582\" data-end=\"1615\">As a result, the business achieved:<\/p>\n<ul>\n<li data-start=\"1618\" data-end=\"1639\">Higher airflow<\/li>\n<li data-start=\"1642\" data-end=\"1669\">Long-term energy savings<\/li>\n<li data-start=\"1672\" data-end=\"1702\">Reduce overall operating costs.<\/li>\n<\/ul>\n<h2 data-start=\"2091\" data-end=\"2168\"><strong data-start=\"2094\" data-end=\"2168\">Why is it mandatory for large-scale factories to use oil-free air compressors?<\/strong><\/h2>\n<p data-start=\"2169\" data-end=\"2265\">On a large-scale production basis, the risk of oil contamination in compressed air not only causes product defects but also leads to:<\/p>\n<ul>\n<li data-start=\"2268\" data-end=\"2295\">Mass production line shutdown<\/li>\n<li data-start=\"2298\" data-end=\"2325\">The economic damage is enormous.<\/li>\n<li data-start=\"2328\" data-end=\"2386\">Violation of international quality standards (ISO, GMP, HACCP, etc.)<\/li>\n<li data-start=\"2389\" data-end=\"2437\">This seriously damages the company's reputation.<\/li>\n<\/ul>\n<p data-start=\"2439\" data-end=\"2651\"><strong data-start=\"2439\" data-end=\"2497\">Ingersoll Rand E Series Oil-Free Screw Air Compressors<\/strong> Completely eliminate this risk through design <strong data-start=\"2540\" data-end=\"2577\">do not use oil in the compression chamber<\/strong>, ensuring compressed air meets standards <strong data-start=\"2599\" data-end=\"2650\">ISO 8573-1 Class 0 \u2013 the highest level of cleanliness.<\/strong>.<\/p>\n<h2 data-start=\"2658\" data-end=\"2728\"><strong data-start=\"2661\" data-end=\"2728\">Next-generation oil-free screw drive technology \u2013 The foundation of the E Series.<\/strong><\/h2>\n<p data-start=\"2729\" data-end=\"2773\"><strong data-start=\"2733\" data-end=\"2773\">High-performance oil-free screw auger<\/strong><\/p>\n<ul>\n<li data-start=\"2776\" data-end=\"2817\">Do not use lubricating oil in the compression chamber.<\/li>\n<li data-start=\"2820\" data-end=\"2853\">High-precision machining<\/li>\n<li data-start=\"2856\" data-end=\"2888\">Special anti-wear coating<\/li>\n<li data-start=\"2891\" data-end=\"2938\">Maintaining stable performance over the long term.<\/li>\n<\/ul>\n<p data-start=\"2940\" data-end=\"2961\">This design ensures:<\/p>\n<ul>\n<li data-start=\"2964\" data-end=\"3001\">Compressed air <strong data-start=\"2972\" data-end=\"2999\">100% clean right from the source.<\/strong><\/li>\n<li data-start=\"3004\" data-end=\"3041\">Reduce downstream compressed air treatment costs.<\/li>\n<li data-start=\"3044\" data-end=\"3092\">Increase the reliability of continuously operating systems.<\/li>\n<\/ul>\n<h2 style=\"text-align: left;\"><strong>Technical specifications of Ingersoll Rand E series oil-free air compressors<\/strong><\/h2>\n<div id=\"attachment_8472\" style=\"width: 1122px\" class=\"wp-caption aligncenter\"><img decoding=\"async\" aria-describedby=\"caption-attachment-8472\" class=\"lazyload wp-image-8472\" src=\"https:\/\/phuchungvn.com.vn\/wp-content\/uploads\/2024\/08\/E-series.jpg\" data-orig-src=\"https:\/\/phuchungvn.com.vn\/wp-content\/uploads\/2024\/08\/E-series.jpg\" alt=\"Th\u00f4ng s\u1ed1 k\u1ef9 thu\u1eadt m\u00e1y n\u00e9n kh\u00ed kh\u00f4ng d\u1ea7u Ingersoll Rand E series\" width=\"1112\" height=\"707\" srcset=\"data:image\/svg+xml,%3Csvg%20xmlns%3D%27http%3A%2F%2Fwww.w3.org%2F2000%2Fsvg%27%20width%3D%271112%27%20height%3D%27707%27%20viewBox%3D%270%200%201112%20707%27%3E%3Crect%20width%3D%271112%27%20height%3D%27707%27%20fill-opacity%3D%220%22%2F%3E%3C%2Fsvg%3E\" data-srcset=\"https:\/\/phuchungvn.com.vn\/wp-content\/uploads\/2024\/08\/E-series-18x12.jpg 18w, https:\/\/phuchungvn.com.vn\/wp-content\/uploads\/2024\/08\/E-series-200x127.jpg 200w, https:\/\/phuchungvn.com.vn\/wp-content\/uploads\/2024\/08\/E-series-300x191.jpg 300w, https:\/\/phuchungvn.com.vn\/wp-content\/uploads\/2024\/08\/E-series-320x202.jpg 320w, https:\/\/phuchungvn.com.vn\/wp-content\/uploads\/2024\/08\/E-series-400x255.jpg 400w, https:\/\/phuchungvn.com.vn\/wp-content\/uploads\/2024\/08\/E-series-500x318.jpg 500w, https:\/\/phuchungvn.com.vn\/wp-content\/uploads\/2024\/08\/E-series-600x382.jpg 600w, https:\/\/phuchungvn.com.vn\/wp-content\/uploads\/2024\/08\/E-series-700x445.jpg 700w, https:\/\/phuchungvn.com.vn\/wp-content\/uploads\/2024\/08\/E-series-768x489.jpg 768w, https:\/\/phuchungvn.com.vn\/wp-content\/uploads\/2024\/08\/E-series-800x509.jpg 800w, https:\/\/phuchungvn.com.vn\/wp-content\/uploads\/2024\/08\/E-series.jpg 943w\" data-sizes=\"auto\" data-orig-sizes=\"(max-width: 1112px) 100vw, 1112px\" \/><p id=\"caption-attachment-8472\" class=\"wp-caption-text\">Technical specifications of Ingersoll Rand E series oil-free air compressors<\/p><\/div>\n\n<table id=\"tablepress-116\" class=\"tablepress tablepress-id-116\">\n<thead>\n<tr class=\"row-1\">\n\t<th colspan=\"5\" class=\"column-1\">Designed to suit all usage conditions.<\/th>\n<\/tr>\n<\/thead>\n<tbody class=\"row-striping row-hover\">\n<tr class=\"row-2\">\n\t<td class=\"column-1\">Options for harsh environments<\/td><td class=\"column-2\">l<\/td><td class=\"column-3\">le<\/td><td class=\"column-4\">n<\/td><td class=\"column-5\">ne<\/td>\n<\/tr>\n<tr class=\"row-3\">\n\t<td class=\"column-1\">Modified design for outdoor\/rainproof use.<\/td><td class=\"column-2\">\u25cf<\/td><td class=\"column-3\">\u25cf<\/td><td class=\"column-4\"><\/td><td class=\"column-5\"><\/td>\n<\/tr>\n<tr class=\"row-4\">\n\t<td class=\"column-1\">Protection in ambient temperatures as low as -23\u00b0C<\/td><td class=\"column-2\">\u25cf<\/td><td class=\"column-3\">\u25cf<\/td><td class=\"column-4\"><\/td><td class=\"column-5\"><\/td>\n<\/tr>\n<tr class=\"row-5\">\n\t<td class=\"column-1\">Ambient temperatures reached as high as 55\u00b0C.<\/td><td class=\"column-2\">\u25cf<\/td><td class=\"column-3\">\u25cf<\/td><td class=\"column-4\"><\/td><td class=\"column-5\"><\/td>\n<\/tr>\n<tr class=\"row-6\">\n\t<td class=\"column-1\">Ultra-clean dust filter<\/td><td class=\"column-2\">\u25cf<\/td><td class=\"column-3\">\u25cf<\/td><td class=\"column-4\"><\/td><td class=\"column-5\"><\/td>\n<\/tr>\n<tr class=\"row-7\">\n\t<td class=\"column-1\">Conventional water-cooled system (cools with water only)<\/td><td class=\"column-2\">\u25cf<\/td><td class=\"column-3\"><\/td><td class=\"column-4\">\u25cf<\/td><td class=\"column-5\"><\/td>\n<\/tr>\n<tr class=\"row-8\">\n\t<td class=\"column-1\">Modified design for outdoor\/rainproof use.<\/td><td class=\"column-2\">\u25cf<\/td><td class=\"column-3\"><\/td><td class=\"column-4\">\u25cf<\/td><td class=\"column-5\"><\/td>\n<\/tr>\n<\/tbody>\n<\/table>\n<!-- #tablepress-116 from cache -->\n\n<table id=\"tablepress-117\" class=\"tablepress tablepress-id-117 tbody-has-connected-cells\">\n<thead>\n<tr class=\"row-1\">\n\t<th colspan=\"4\" class=\"column-1\">Performance of oil-free compressors - 50 Hz<\/th>\n<\/tr>\n<\/thead>\n<tbody class=\"row-striping row-hover\">\n<tr class=\"row-2\">\n\t<td class=\"column-1\">Model<\/td><td class=\"column-2\">Rated power (kW)<\/td><td class=\"column-3\">Maximum pressure (barg)<\/td><td class=\"column-4\">Flow rate (FAD) (m\u00b3\/min)<\/td>\n<\/tr>\n<tr class=\"row-3\">\n\t<td class=\"column-1\">E200i-E355i<\/td><td class=\"column-2\">200-355<\/td><td class=\"column-3\">7.5-10.5<\/td><td class=\"column-4\">31.8-52.9<\/td>\n<\/tr>\n<tr class=\"row-4\">\n\t<td class=\"column-1\">E200ie-E355ie<\/td><td class=\"column-2\">200-355<\/td><td class=\"column-3\">7.5-10.5<\/td><td class=\"column-4\">32.3-53.4<\/td>\n<\/tr>\n<tr class=\"row-5\">\n\t<td class=\"column-1\">E200n-E355n<\/td><td class=\"column-2\">200-355<\/td><td class=\"column-3\">4.0-10.7<\/td><td class=\"column-4\">11.4-50.9<\/td>\n<\/tr>\n<tr class=\"row-6\">\n\t<td class=\"column-1\">E200ne-E355ne<\/td><td class=\"column-2\">200-355<\/td><td class=\"column-3\">4.0-10.7<\/td><td class=\"column-4\">11.9-51.3<\/td>\n<\/tr>\n<tr class=\"row-7\">\n\t<td colspan=\"4\" class=\"column-1\">Hi\u1ec7u su\u1ea5t c\u1ee7a m\u00e1y n\u00e9n kh\u00f4ng d\u1ea7u - 60 Hz<\/td>\n<\/tr>\n<tr class=\"row-8\">\n\t<td class=\"column-1\">Model<\/td><td class=\"column-2\">Rated power (hp)<\/td><td class=\"column-3\">Maximum pressure (psig)<\/td><td class=\"column-4\">Flow Rate (FAD) (cfm)<\/td>\n<\/tr>\n<tr class=\"row-9\">\n\t<td class=\"column-1\">E185i-E355i<\/td><td class=\"column-2\">250-450<\/td><td class=\"column-3\">110-155<\/td><td class=\"column-4\">1,000-1,845<\/td>\n<\/tr>\n<tr class=\"row-10\">\n\t<td class=\"column-1\">E185ie-E355ie<\/td><td class=\"column-2\">250-450<\/td><td class=\"column-3\">110-155<\/td><td class=\"column-4\">1,018-1,859<\/td>\n<\/tr>\n<tr class=\"row-11\">\n\t<td class=\"column-1\">E200n-E355n<\/td><td class=\"column-2\">250-450<\/td><td class=\"column-3\">60-155<\/td><td class=\"column-4\">401-1,796<\/td>\n<\/tr>\n<tr class=\"row-12\">\n\t<td class=\"column-1\">E200ne-E355ne<\/td><td class=\"column-2\">250-450<\/td><td class=\"column-3\">60-155<\/td><td class=\"column-4\">419-1,812<\/td>\n<\/tr>\n<\/tbody>\n<\/table>\n<!-- #tablepress-117 from cache -->\n<h2 data-start=\"4395\" data-end=\"4457\"><strong data-start=\"4398\" data-end=\"4457\">Key advantages of Ingersoll Rand E Series air compressors<\/strong><\/h2>\n<ul>\n<li data-start=\"4460\" data-end=\"4498\">Absolutely clean compressed air \u2013 Class 0<\/li>\n<li data-start=\"4501\" data-end=\"4548\">High capacity, suitable for central systems.<\/li>\n<li data-start=\"4551\" data-end=\"4578\">Operates reliably 24\/7<\/li>\n<li data-start=\"4581\" data-end=\"4625\">High energy efficiency in the long term<\/li>\n<li data-start=\"4628\" data-end=\"4671\">Reduce production risks and incident costs.<\/li>\n<li data-start=\"4674\" data-end=\"4720\">Ingersoll Rand is a globally reputable brand.<\/li>\n<\/ul>\n<h2 data-start=\"4727\" data-end=\"4767\"><strong data-start=\"4730\" data-end=\"4767\">Practical applications<\/strong><\/h2>\n<p data-start=\"4768\" data-end=\"4842\">Ingersoll Rand E Series oil-free screw air compressors are used in:<\/p>\n<ul>\n<li data-start=\"4845\" data-end=\"4875\">Chemical and petrochemical industry<\/li>\n<li data-start=\"4878\" data-end=\"4922\">Steel, cement, and building materials industries<\/li>\n<li data-start=\"4925\" data-end=\"4969\">Large-scale food and beverage factory<\/li>\n<li data-start=\"4972\" data-end=\"5012\">Pharmaceutical and healthcare industry<\/li>\n<li data-start=\"5015\" data-end=\"5052\">Production facilities operate continuously 24\/7.<\/li>\n<\/ul>\n<p data-start=\"5054\" data-end=\"5214\">According to the operating engineer's assessment, the E Series shows that <strong data-start=\"5105\" data-end=\"5129\">superior stability<\/strong>, this minimizes downtime and helps the central compressed air system operate safely and efficiently.<\/p>\n<div class=\"TyagGW_tableContainer\">\n<h2 class=\"group TyagGW_tableWrapper flex flex-col-reverse w-fit\" tabindex=\"-1\"><strong data-start=\"5555\" data-end=\"5604\">Guide to choosing the right E Series power capacity.<\/strong><\/h2>\n<\/div>\n<p data-start=\"5605\" data-end=\"5631\">Businesses should determine:<\/p>\n<ul>\n<li data-start=\"5634\" data-end=\"5671\"><strong data-start=\"5634\" data-end=\"5669\">Total compressed air flow rate of the system<\/strong><\/li>\n<li data-start=\"5674\" data-end=\"5704\"><strong data-start=\"5674\" data-end=\"5702\">Required working pressure<\/strong><\/li>\n<li data-start=\"5707\" data-end=\"5737\"><strong data-start=\"5707\" data-end=\"5735\">Level of continuous operation<\/strong><\/li>\n<li data-start=\"5740\" data-end=\"5775\"><strong data-start=\"5740\" data-end=\"5773\">Compressed air quality standards<\/strong><\/li>\n<\/ul>\n<p data-start=\"5777\" data-end=\"5887\">Choosing the right power rating within the range <strong data-start=\"5816\" data-end=\"5830\">200\u2013500 kW<\/strong> This helps optimize investment and ensure long-term operational efficiency.<\/p>\n<h2 data-start=\"5894\" data-end=\"5966\"><strong data-start=\"5897\" data-end=\"5966\">Why should you buy Ingersoll Rand E Series air compressors from Phuc Hung?<\/strong><\/h2>\n<ul>\n<li data-start=\"5969\" data-end=\"6052\">Practical experience in <strong data-start=\"5995\" data-end=\"6050\">deployment of a high-capacity central compressed air system.<\/strong><\/li>\n<li data-start=\"6055\" data-end=\"6112\">Providing advice on the right capacity, standards, and application.<\/li>\n<li data-start=\"6115\" data-end=\"6176\">Provide <strong data-start=\"6124\" data-end=\"6174\">Genuine Ingersoll Rand E Series air compressors<\/strong><\/li>\n<li data-start=\"6179\" data-end=\"6227\">Transparent technical service, warranty, and after-sales support.<\/li>\n<\/ul>\n<p data-start=\"6272\" data-end=\"6587\" data-is-last-node=\"\" data-is-only-node=\"\">Are you looking for <strong data-start=\"6285\" data-end=\"6354\">Ingersoll Rand E Series 200\u2013500 kW oil-free screw air compressors<\/strong> for large-scale factories requiring Class 0 compressed air and continuous operation?<br data-start=\"6424\" data-end=\"6427\" \/>\ud83d\udc49 <strong data-start=\"6430\" data-end=\"6456\">Contact <a href=\"https:\/\/phuchungvn.com.vn\/en\/\">carried out maintenance and oil sludge (varnish) removal for<\/a><\/strong> for in-depth technical consultation, optimal central compressed air solution design, and the most competitive quotation for your project.<\/p>\n<p>&nbsp;<\/p>","protected":false},"excerpt":{"rendered":"<table style=\"width: 100.601%; height: 272px;\">\n<tbody>\n<tr style=\"height: 21px;\">\n<th style=\"width: 54.4996%; height: 21px; text-align: left;\">Specifications<\/th>\n<th style=\"width: 1606.93%; height: 21px; text-align: left;\">Detail<\/th>\n<\/tr>\n<tr style=\"height: 21px;\">\n<td style=\"width: 54.4996%; height: 21px;\"><span style=\"color: #000000;\">Brand<\/span><\/td>\n<td style=\"width: 1606.93%; height: 21px;\">Ingersoll Rand USA<\/td>\n<\/tr>\n<tr style=\"height: 21px;\">\n<td style=\"width: 54.4996%; height: 21px;\"><span style=\"color: #000000;\">Origin<\/span><\/td>\n<td style=\"width: 1606.93%; height: 21px;\">USA<\/td>\n<\/tr>\n<tr style=\"height: 21px;\">\n<td style=\"width: 54.4996%; height: 21px;\"><span style=\"color: #000000;\">Capacity<\/span><\/td>\n<td style=\"width: 1606.93%; height: 21px;\"><span style=\"color: #000000;\">200 &#8211; 500 kW<\/span><\/td>\n<\/tr>\n<tr style=\"height: 21px;\">\n<td style=\"width: 54.4996%; height: 21px;\"><span style=\"color: #000000;\">Pressure<\/span><\/td>\n<td style=\"width: 1606.93%; height: 21px;\"><span style=\"color: #000000;\">7.5 &#8211; 10.5 Bar g<\/span><\/td>\n<\/tr>\n<tr style=\"height: 21px;\">\n<td style=\"width: 54.4996%; height: 21px;\"><span style=\"color: #000000;\">Flow<\/span><\/td>\n<td style=\"width: 1606.93%; height: 21px;\"><span style=\"color: #000000;\">31 &#8211; 81 m\u00b3\/min<\/span><\/td>\n<\/tr>\n<tr style=\"height: 21px;\">\n<td style=\"width: 54.4996%; height: 21px;\"><span style=\"color: #000000;\">Product type<\/span><\/td>\n<td style=\"width: 1606.93%; height: 21px;\"><span style=\"color: #000000;\">Screw air compressor\u00a0<\/span><\/td>\n<\/tr>\n<tr style=\"height: 21px;\">\n<td style=\"width: 54.4996%; height: 21px;\"><span style=\"color: #000000;\">Control type<\/span><\/td>\n<td style=\"width: 1606.93%; height: 21px;\"><span style=\"color: #000000;\">Inverter\/Star \u2013 delta<\/span><\/td>\n<\/tr>\n<tr style=\"height: 21px;\">\n<td style=\"width: 54.4996%; height: 21px;\"><span style=\"color: #000000;\">Lubrication type<\/span><\/td>\n<td style=\"width: 1606.93%; height: 21px;\">Class 0 oil-free<\/td>\n<\/tr>\n<\/tbody>\n<\/table>","protected":false},"featured_media":6831,"template":"","meta":[],"product_cat":[351],"product_tag":[418,419,420,421],"class_list":{"0":"post-6779","1":"product","2":"type-product","3":"status-publish","4":"has-post-thumbnail","6":"product_cat-may-nen-khi-ingersoll-rand","7":"product_tag-may-nen-khi-khong-dau-g7","8":"product_tag-may-nen-khi-truc-vit-khong-dau","9":"product_tag-may-nen-khi-truc-vit-khong-dau-ingersoll-rand","10":"product_tag-may-nen-khi-truc-vit-khong-dau-my","12":"first","13":"instock","14":"shipping-taxable","15":"product-type-simple"},"_links":{"self":[{"href":"https:\/\/phuchungvn.com.vn\/en\/wp-json\/wp\/v2\/product\/6779","targetHints":{"allow":["GET"]}}],"collection":[{"href":"https:\/\/phuchungvn.com.vn\/en\/wp-json\/wp\/v2\/product"}],"about":[{"href":"https:\/\/phuchungvn.com.vn\/en\/wp-json\/wp\/v2\/types\/product"}],"wp:featuredmedia":[{"embeddable":true,"href":"https:\/\/phuchungvn.com.vn\/en\/wp-json\/wp\/v2\/media\/6831"}],"wp:attachment":[{"href":"https:\/\/phuchungvn.com.vn\/en\/wp-json\/wp\/v2\/media?parent=6779"}],"wp:term":[{"taxonomy":"product_cat","embeddable":true,"href":"https:\/\/phuchungvn.com.vn\/en\/wp-json\/wp\/v2\/product_cat?post=6779"},{"taxonomy":"product_tag","embeddable":true,"href":"https:\/\/phuchungvn.com.vn\/en\/wp-json\/wp\/v2\/product_tag?post=6779"}],"curies":[{"name":"wp","href":"https:\/\/api.w.org\/{rel}","templated":true}]}}