{"id":6804,"date":"2024-08-08T22:20:07","date_gmt":"2024-08-08T15:20:07","guid":{"rendered":"https:\/\/nhomkinhhungthinhdn.com\/?post_type=product&#038;p=6804"},"modified":"2026-01-29T11:34:17","modified_gmt":"2026-01-29T04:34:17","slug":"may-thoi-khi-truc-vit-gardner-denver-iq-series","status":"publish","type":"product","link":"https:\/\/phuchungvn.com.vn\/en\/may-thoi-khi-truc-vit-gardner-denver-iq-series\/","title":{"rendered":"Gardner Denver IQ series screw blower"},"content":{"rendered":"<p data-start=\"856\" data-end=\"1344\">In industries that require <strong data-start=\"888\" data-end=\"924\">high airflow at low pressure<\/strong> such as wastewater treatment, environmental engineering, aquaculture, or continuous industrial production, air blowers play an extremely important role. <a href=\"https:\/\/phuchungvn.com.vn\/en\/may-thoi-khi-truc-vit-gardner-denver-iq-series\/\"><strong data-start=\"1058\" data-end=\"1108\">Gardner Denver IQ Series Screw Blower<\/strong><\/a> is the next generation of air blowers. <strong data-start=\"1132\" data-end=\"1145\">no oil<\/strong>, with high performance, quiet operation, and energy efficiency, it is designed to perfectly replace traditional Roots blowers, helping businesses significantly reduce electricity and long-term operating costs.<\/p>\n<h2 data-start=\"1351\" data-end=\"1417\"><strong data-start=\"1354\" data-end=\"1417\">T\u1ed5ng quan v\u1ec1 m\u00e1y th\u1ed5i kh\u00ed tr\u1ee5c v\u00edt Gardner Denver IQ Series<\/strong><\/h2>\n<p data-start=\"1418\" data-end=\"1628\">Air blowers are specialized air compression devices used for various applications. <strong data-start=\"1480\" data-end=\"1517\">low pressure (approximately 0.1 \u2013 2 bar)<\/strong> but requirements <strong data-start=\"1532\" data-end=\"1557\">very high airflow<\/strong>. In principle, both blowers and air compressors are based on two fundamental mechanisms:<\/p>\n<ul>\n<li data-start=\"1631\" data-end=\"1678\"><strong data-start=\"1631\" data-end=\"1676\">Positive Displacement (Change in Volume)<\/strong><\/li>\n<li data-start=\"1681\" data-end=\"1709\"><strong data-start=\"1681\" data-end=\"1707\">Dynamics<\/strong><\/li>\n<\/ul>\n<p data-start=\"1711\" data-end=\"1751\">However, the core difference lies in:<\/p>\n<p><strong data-start=\"1754\" data-end=\"1776\">Output air pressure<\/strong>: blower is lower than compressor<\/p>\n<p><strong data-start=\"1808\" data-end=\"1833\">Control principles<\/strong>:<\/p>\n<ul>\n<li data-start=\"1841\" data-end=\"1888\">Compressor controlled by <strong data-start=\"1865\" data-end=\"1886\">preset pressure<\/strong><\/li>\n<li data-start=\"1893\" data-end=\"1945\">Blower controlled by <strong data-start=\"1918\" data-end=\"1943\">required airflow<\/strong><\/li>\n<\/ul>\n<p data-start=\"1947\" data-end=\"2169\">With more <strong data-start=\"1955\" data-end=\"1976\">70 years of reputation<\/strong>, <strong data-start=\"1978\" data-end=\"2019\"><span class=\"hover:entity-accent entity-underline inline cursor-pointer align-baseline\"><span class=\"whitespace-normal\">Gardner Denver air compressor<\/span><\/span><\/strong> has provided a complete solution from <strong data-start=\"2052\" data-end=\"2073\">individual blower<\/strong> and <strong data-start=\"2078\" data-end=\"2114\">complete air blower system<\/strong>serving a diverse range of industries globally.<\/p>\n<h2 data-start=\"2176\" data-end=\"2237\"><strong data-start=\"2179\" data-end=\"2237\">Trends in central blower systems in factories<\/strong><\/h2>\n<p data-start=\"2238\" data-end=\"2290\">Today, more and more factories are shifting from the following model:<\/p>\n<ul data-start=\"2291\" data-end=\"2344\">\n<li data-start=\"2291\" data-end=\"2344\">\n<p data-start=\"2293\" data-end=\"2344\">Each area of \u200b\u200buse <strong data-start=\"2313\" data-end=\"2342\">individual small air blowers<\/strong><\/p>\n<\/li>\n<\/ul>\n<p data-start=\"2346\" data-end=\"2359\">Switch to the model:<\/p>\n<ul data-start=\"2360\" data-end=\"2432\">\n<li data-start=\"2360\" data-end=\"2432\">\n<p data-start=\"2362\" data-end=\"2432\"><strong data-start=\"2362\" data-end=\"2397\">Trends in central blower systems in factories<\/strong> supplying gas to the entire plant.<\/p>\n<\/li>\n<\/ul>\n<p data-start=\"2434\" data-end=\"2478\">This solution offers several clear advantages:<\/p>\n<ul>\n<li data-start=\"2481\" data-end=\"2514\">Reduce <strong data-start=\"2486\" data-end=\"2512\">initial investment costs.<\/strong><\/li>\n<li data-start=\"2517\" data-end=\"2555\">Reduce <strong data-start=\"2522\" data-end=\"2553\">maintenance costs<\/strong><\/li>\n<li data-start=\"2558\" data-end=\"2590\">Easy to manage, centralized operation.<\/li>\n<li data-start=\"2593\" data-end=\"2627\">Save <strong data-start=\"2603\" data-end=\"2625\">installation space<\/strong><\/li>\n<li data-start=\"2630\" data-end=\"2664\">Improve system stability<\/li>\n<\/ul>\n<p data-start=\"2666\" data-end=\"2819\">Gardner Denver IQ Series screw blowers are optimally designed to be <strong data-start=\"2747\" data-end=\"2791\">the heart of the central air blowing system<\/strong> in modern factories.<\/p>\n<h2 id=\"ow2743\" style=\"text-align: left;\"><strong>Technical specifications of Gardner Denver IQ series air blowers<\/strong><\/h2>\n<div style=\"width: 1023px\" class=\"wp-caption alignnone\"><img class=\"lazyload\" decoding=\"async\" src=\"data:image\/svg+xml,%3Csvg%20xmlns%3D%27http%3A%2F%2Fwww.w3.org%2F2000%2Fsvg%27%20width%3D%271013%27%20height%3D%27714%27%20viewBox%3D%270%200%201013%20714%27%3E%3Crect%20width%3D%271013%27%20height%3D%27714%27%20fill-opacity%3D%220%22%2F%3E%3C%2Fsvg%3E\" data-orig-src=\"https:\/\/phuchungvn.com.vn\/wp-content\/uploads\/2024\/08\/Gardner-Denver-Blower.jpg\" alt=\"Th\u00f4ng s\u1ed1 k\u1ef9 thu\u1eadt c\u1ee7a m\u00e1y th\u1ed5i kh\u00ed Gardner Denver IQ series\" width=\"1013\" height=\"714\" \/><p class=\"wp-caption-text\">Technical specifications of Gardner Denver IQ series air blowers<\/p><\/div>\n\n<table id=\"tablepress-107\" class=\"tablepress tablepress-id-107 tbody-has-connected-cells\">\n<thead>\n<tr class=\"row-1\">\n\t<th colspan=\"7\" class=\"column-1\">IQ BELT-DRIVE CONFIGURATION<\/th>\n<\/tr>\n<\/thead>\n<tbody class=\"row-striping row-hover\">\n<tr class=\"row-2\">\n\t<td class=\"column-1\">FRAME<\/td><td class=\"column-2\">AIREND<\/td><td class=\"column-3\">PACKAGE MODEL<\/td><td class=\"column-4\">MAX FLOW RATE m\u00b3\/h<\/td><td class=\"column-5\">MOTOR SIZE KW<\/td><td class=\"column-6\">MAX RPM<\/td><td class=\"column-7\">MAX PRESSURE BAR<\/td>\n<\/tr>\n<tr class=\"row-3\">\n\t<td rowspan=\"2\" class=\"column-1\">2<\/td><td rowspan=\"2\" class=\"column-2\">100CDL<\/td><td class=\"column-3\">IQS-2B 100CDL300 RC1 DSL<\/td><td rowspan=\"2\" class=\"column-4\">1200<\/td><td rowspan=\"2\" class=\"column-5\">15 - 45<\/td><td rowspan=\"2\" class=\"column-6\">4500<\/td><td class=\"column-7\">1.2<\/td>\n<\/tr>\n<tr class=\"row-4\">\n\t<td class=\"column-3\">IQS-2B 100CDL300 RC2 DSL<\/td><td class=\"column-7\">1.3<\/td>\n<\/tr>\n<tr class=\"row-5\">\n\t<td rowspan=\"4\" class=\"column-1\">4<\/td><td rowspan=\"4\" class=\"column-2\">160CDL<\/td><td class=\"column-3\">IQS-4B 160CDL480 RC1 DSL<\/td><td class=\"column-4\">4440<\/td><td rowspan=\"4\" class=\"column-5\">90 - 185<\/td><td rowspan=\"4\" class=\"column-6\">3600<\/td><td class=\"column-7\">1<\/td>\n<\/tr>\n<tr class=\"row-6\">\n\t<td class=\"column-3\">IQS-4B 160CDL480 RC2 DSL<\/td><td class=\"column-4\">4320<\/td><td class=\"column-7\">1.3<\/td>\n<\/tr>\n<tr class=\"row-7\">\n\t<td class=\"column-3\">IQS-4B 160CDL480 RC2 FFL<\/td><td class=\"column-4\">4000<\/td><td class=\"column-7\">2<\/td>\n<\/tr>\n<tr class=\"row-8\">\n\t<td class=\"column-3\">IQS-4B 160CDL480 RC3 FFL<\/td><td class=\"column-4\">4100<\/td><td class=\"column-7\">2.4<\/td>\n<\/tr>\n<tr class=\"row-9\">\n\t<td rowspan=\"4\" class=\"column-1\">4<\/td><td rowspan=\"4\" class=\"column-2\">200CDL<\/td><td class=\"column-3\">IQS-4B 200CDL600 RC1 DSL<\/td><td class=\"column-4\">6600<\/td><td rowspan=\"4\" class=\"column-5\">90 - 185<\/td><td rowspan=\"4\" class=\"column-6\">2800<\/td><td class=\"column-7\">1.2<\/td>\n<\/tr>\n<tr class=\"row-10\">\n\t<td class=\"column-3\">IQS-4B 200CDL600 RC2 DSL<\/td><td class=\"column-4\">6500<\/td><td class=\"column-7\">1.3<\/td>\n<\/tr>\n<tr class=\"row-11\">\n\t<td class=\"column-3\">IQS-4B 200CDL600 RC2 FFL<\/td><td class=\"column-4\">4240<\/td><td class=\"column-7\">2<\/td>\n<\/tr>\n<tr class=\"row-12\">\n\t<td class=\"column-3\">IQS-4B 200CDL600 RC3 FFL<\/td><td class=\"column-4\">4240<\/td><td class=\"column-7\">2.4<\/td>\n<\/tr>\n<tr class=\"row-13\">\n\t<td colspan=\"7\" class=\"column-1\">IQ DIRECT-DRIVE CONFIGURATION<\/td>\n<\/tr>\n<tr class=\"row-14\">\n\t<td class=\"column-1\">FRAME<\/td><td class=\"column-2\">AIREND<\/td><td class=\"column-3\">PACKAGE MODEL<\/td><td class=\"column-4\">MAX FLOW RATE m\u00b3\/h<\/td><td class=\"column-5\">MOTOR SIZE KW<\/td><td class=\"column-6\">MAX RPM<\/td><td class=\"column-7\">MAX PRESSURE BAR<\/td>\n<\/tr>\n<tr class=\"row-15\">\n\t<td rowspan=\"2\" class=\"column-1\">3<\/td><td rowspan=\"2\" class=\"column-2\">160CDL<\/td><td class=\"column-3\">IQS-3D 160CDL480 RC1 DSL<\/td><td class=\"column-4\">4430<\/td><td rowspan=\"2\" class=\"column-5\">75 - 110<\/td><td rowspan=\"2\" class=\"column-6\">3300<\/td><td class=\"column-7\">1<\/td>\n<\/tr>\n<tr class=\"row-16\">\n\t<td class=\"column-3\">IQS-3D 160CDL480 RC2 DSL<\/td><td class=\"column-4\">4320<\/td><td class=\"column-7\">1.3<\/td>\n<\/tr>\n<tr class=\"row-17\">\n\t<td rowspan=\"4\" class=\"column-1\">4<\/td><td rowspan=\"4\" class=\"column-2\">200CDL<\/td><td class=\"column-3\">IQS-4D 200CDL600 RC1 DSL<\/td><td class=\"column-4\">6600<\/td><td class=\"column-5\">90 - 160<\/td><td rowspan=\"4\" class=\"column-6\">2800<\/td><td class=\"column-7\">1.2<\/td>\n<\/tr>\n<tr class=\"row-18\">\n\t<td class=\"column-3\">IQS-4D 200CDL600 RC2 DSL<\/td><td class=\"column-4\">6500<\/td><td class=\"column-5\">90 - 160<\/td><td class=\"column-7\">1.3<\/td>\n<\/tr>\n<tr class=\"row-19\">\n\t<td class=\"column-3\">IQS-4D 200CDL600 RC2 FFL<\/td><td class=\"column-4\">6250<\/td><td class=\"column-5\">90 - 160<\/td><td class=\"column-7\">2<\/td>\n<\/tr>\n<tr class=\"row-20\">\n\t<td class=\"column-3\">IQS-4D 200CDL600 RC3 FFL<\/td><td class=\"column-4\">6330<\/td><td class=\"column-5\">90 - 160<\/td><td class=\"column-7\">2.4<\/td>\n<\/tr>\n<tr class=\"row-21\">\n\t<td rowspan=\"2\" class=\"column-1\">5<\/td><td rowspan=\"2\" class=\"column-2\">250CDL<\/td><td class=\"column-3\">IQS-5D 250CDL750 RC1 DSL<\/td><td rowspan=\"2\" class=\"column-4\">10200<\/td><td rowspan=\"2\" class=\"column-5\">160 - 350<\/td><td rowspan=\"2\" class=\"column-6\">2200<\/td><td class=\"column-7\">1.2<\/td>\n<\/tr>\n<tr class=\"row-22\">\n\t<td class=\"column-3\">IQS-5D 250CDL750 RC2 DSL<\/td><td class=\"column-7\">1.3<\/td>\n<\/tr>\n<\/tbody>\n<\/table>\n<!-- #tablepress-107 from cache -->\n<h2 data-start=\"2826\" data-end=\"2893\"><strong data-start=\"2829\" data-end=\"2893\">Gardner Denver IQ Series \u2013 The new generation of oil-free blowers<\/strong><\/h2>\n<p data-start=\"2894\" data-end=\"3076\">N\u0103m <strong data-start=\"2898\" data-end=\"2906\">2020<\/strong>, Gardner Denver officially introduces <strong data-start=\"2945\" data-end=\"2986\">IQ Series oil-free air blowers<\/strong> \u2013 a major leap forward in industrial air blowing technology. The IQ Series is positioned as:<\/p>\n<ul>\n<li data-start=\"3079\" data-end=\"3140\"><strong data-start=\"3079\" data-end=\"3102\">Comprehensive solution<\/strong> for industry and environmental treatment<\/li>\n<li data-start=\"3143\" data-end=\"3175\">Higher performance than Roots blower<\/li>\n<li data-start=\"3178\" data-end=\"3209\">Outstanding energy savings<\/li>\n<li data-start=\"3212\" data-end=\"3249\">Low noise and environmentally friendly.<\/li>\n<\/ul>\n<p data-start=\"3251\" data-end=\"3391\">The IQ Series quickly became the preferred choice for projects. <strong data-start=\"3316\" data-end=\"3355\">Wastewater treatment, MBR, SBR, aerotank<\/strong> and many other industrial applications.<\/p>\n<h2 data-start=\"3398\" data-end=\"3466\"><strong data-start=\"3401\" data-end=\"3466\">Flexible drive technology \u2013 Optimized energy efficiency<\/strong><\/h2>\n<p data-start=\"3467\" data-end=\"3629\">Outside the system <strong data-start=\"3482\" data-end=\"3507\">belt drive<\/strong> In addition to the standard Gardner Denver IQ Series, there are also optional features. <strong data-start=\"3569\" data-end=\"3614\">True Direct Drive<\/strong> Brand new.<\/p>\n<h3 data-start=\"3631\" data-end=\"3678\"><strong data-start=\"3635\" data-end=\"3678\">True Direct Drive<\/strong><\/h3>\n<ul>\n<li data-start=\"3681\" data-end=\"3739\">Blower shaft connection <strong data-start=\"3699\" data-end=\"3737\">directly connected to the motor via a coupling.<\/strong><\/li>\n<li data-start=\"3742\" data-end=\"3776\"><strong data-start=\"3742\" data-end=\"3774\">No acceleration gears required.<\/strong><\/li>\n<li data-start=\"3779\" data-end=\"3801\">Reduce mechanical losses<\/li>\n<li data-start=\"3804\" data-end=\"3837\">Maximize energy efficiency<\/li>\n<\/ul>\n<p data-start=\"3839\" data-end=\"3951\">To adapt to this technology, Gardner Denver has <strong data-start=\"3887\" data-end=\"3918\">redesign the entire casing.<\/strong>, creating an IQ Series product:<\/p>\n<ul>\n<li data-start=\"3954\" data-end=\"3968\">More organized<\/li>\n<li data-start=\"3971\" data-end=\"3985\">More effective<\/li>\n<li data-start=\"3988\" data-end=\"4002\">More modern<\/li>\n<\/ul>\n<p data-start=\"4004\" data-end=\"4115\">This is considered a step forward ''<strong data-start=\"4030\" data-end=\"4058\">thinking outside the box''<\/strong>to create <strong data-start=\"4070\" data-end=\"4114\">The best IQ Series ever.<\/strong>.<\/p>\n<h2 data-start=\"4122\" data-end=\"4192\"><strong data-start=\"4125\" data-end=\"4192\">High-performance CycloBlower H.E. throttle head \u2013 The heart of the IQ Series<\/strong><\/h2>\n<p data-start=\"4193\" data-end=\"4325\">IQ Series screw blowers use <strong data-start=\"4233\" data-end=\"4261\">CycloBlower H.E. air intake<\/strong>, the modern screw blower line has been <strong data-start=\"4303\" data-end=\"4324\">patent<\/strong>.<\/p>\n<h2 data-start=\"4327\" data-end=\"4380\"><strong data-start=\"4331\" data-end=\"4380\">CycloBlower H.E. air intake<\/strong><\/h2>\n<ul>\n<li data-start=\"4383\" data-end=\"4417\">Technology <strong data-start=\"4393\" data-end=\"4415\">oil-free screw<\/strong><\/li>\n<li data-start=\"4420\" data-end=\"4462\"><strong data-start=\"4420\" data-end=\"4445\">Low rotational speed<\/strong> \u2192 Reduced wear and tear<\/li>\n<li data-start=\"4465\" data-end=\"4499\">Rotor configuration <strong data-start=\"4480\" data-end=\"4487\">3\u00d75<\/strong> monopoly<\/li>\n<li data-start=\"4502\" data-end=\"4563\">Shaft has <strong data-start=\"4510\" data-end=\"4528\">large diameter<\/strong> helps reduce deformation caused by load.<\/li>\n<li data-start=\"4566\" data-end=\"4625\">Maintain high performance even under harsh conditions.<\/li>\n<\/ul>\n<p data-start=\"4627\" data-end=\"4668\">Thanks to this design, IQ Series blowers:<\/p>\n<ul>\n<li data-start=\"4671\" data-end=\"4698\">Long-term stable operation<\/li>\n<li data-start=\"4701\" data-end=\"4717\">Vibration reduction<\/li>\n<li data-start=\"4720\" data-end=\"4744\">Increase equipment lifespan<\/li>\n<\/ul>\n<h3 data-start=\"4751\" data-end=\"4806\"><strong data-start=\"4754\" data-end=\"4806\">Easy to install \u2013 Saves time and money.<\/strong><\/h3>\n<p data-start=\"4807\" data-end=\"4928\">Gardner Denver IQ Series screw blowers are optimally designed to be <strong data-start=\"4871\" data-end=\"4894\">quick installation<\/strong>, does not require a complex foundation.<\/p>\n<ul>\n<li data-start=\"4932\" data-end=\"4987\">The base is sturdy and stable. <strong data-start=\"4953\" data-end=\"4985\">Specialized track for forklifts<\/strong><\/li>\n<li data-start=\"4990\" data-end=\"5040\">Can be placed on <strong data-start=\"5006\" data-end=\"5038\">any flat surface<\/strong><\/li>\n<li data-start=\"5043\" data-end=\"5076\">No special concrete foundation is required.<\/li>\n<li data-start=\"5079\" data-end=\"5119\">Easy integration into existing systems<\/li>\n<\/ul>\n<p data-start=\"5121\" data-end=\"5198\">Thi\u1ebft k\u1ebf nh\u1ecf g\u1ecdn gi\u00fap <strong data-start=\"5143\" data-end=\"5197\">gi\u1ea3m \u0111\u00e1ng k\u1ec3 th\u1eddi gian thi c\u00f4ng v\u00e0 chi ph\u00ed l\u1eafp \u0111\u1eb7t<\/strong>.<\/p>\n<h3 data-start=\"5205\" data-end=\"5264\"><strong data-start=\"5208\" data-end=\"5264\">Flexible design layout \u2013 Suitable for many spaces<\/strong><\/h3>\n<p data-start=\"5265\" data-end=\"5319\">Thanks to its compact and versatile design, the IQ Series allows for:<\/p>\n<ul>\n<li data-start=\"5322\" data-end=\"5367\">Installation <strong data-start=\"5330\" data-end=\"5365\">parallel belt drive<\/strong><\/li>\n<li data-start=\"5370\" data-end=\"5402\">Or <strong data-start=\"5375\" data-end=\"5400\">direct drive<\/strong><\/li>\n<li data-start=\"5405\" data-end=\"5439\">No complex ventilation ducting required.<\/li>\n<\/ul>\n<p data-start=\"5441\" data-end=\"5483\">This is especially useful for factories:<\/p>\n<ul>\n<li data-start=\"5486\" data-end=\"5509\">There is limited space.<\/li>\n<li data-start=\"5512\" data-end=\"5533\">Renovate the old system.<\/li>\n<li data-start=\"5536\" data-end=\"5580\">Upgrade from Roots blower to screw blower<\/li>\n<\/ul>\n<h3 data-start=\"5587\" data-end=\"5622\"><strong data-start=\"5590\" data-end=\"5622\">Easy to maintain and service.<\/strong><\/h3>\n<p data-start=\"5623\" data-end=\"5692\">The design of the IQ Series focuses on: <strong data-start=\"5660\" data-end=\"5691\">practical maintenance experience<\/strong>:<\/p>\n<ul>\n<li data-start=\"5696\" data-end=\"5737\">Side door <strong data-start=\"5704\" data-end=\"5735\">It has hinges, making it easy to assemble and disassemble.<\/strong><\/li>\n<li data-start=\"5740\" data-end=\"5790\">Regular maintenance parts <strong data-start=\"5773\" data-end=\"5788\">accessible<\/strong><\/li>\n<li data-start=\"5793\" data-end=\"5829\">The air intake filter is positioned optimally.<\/li>\n<li data-start=\"5832\" data-end=\"5871\">Reduce downtime during maintenance.<\/li>\n<\/ul>\n<p data-start=\"5873\" data-end=\"5961\">This helps businesses <strong data-start=\"5900\" data-end=\"5960\">reduce maintenance costs and increase continuous operating time.<\/strong>.<\/p>\n<h3 data-start=\"5968\" data-end=\"6020\"><strong data-start=\"5971\" data-end=\"6020\">Reduce noise, improve the working environment.<\/strong><\/h3>\n<p data-start=\"6021\" data-end=\"6072\">The IQ Series is highly rated for <strong data-start=\"6052\" data-end=\"6066\">, and optimized operating costs<\/strong>, thanks to:<\/p>\n<ul>\n<li data-start=\"6075\" data-end=\"6117\">New intake and <strong data-start=\"6084\" data-end=\"6115\">exhaust silencer design<\/strong><\/li>\n<li data-start=\"6120\" data-end=\"6166\">The machine enclosure uses special <strong data-start=\"6135\" data-end=\"6164\">sound-insulating materials.<\/strong><\/li>\n<li data-start=\"6169\" data-end=\"6188\">The casing panels are thicker for improved noise reduction.<\/li>\n<li data-start=\"6191\" data-end=\"6222\">Air ducts with sound-insulating chambers<\/li>\n<li data-start=\"6225\" data-end=\"6267\">Curved sections lined with noise-reducing material<\/li>\n<\/ul>\n<p data-start=\"6269\" data-end=\"6280\">As a result:<\/p>\n<ul>\n<li data-start=\"6283\" data-end=\"6317\">A quieter working environment<\/li>\n<li data-start=\"6320\" data-end=\"6354\">Reduced vibration and noise transmission<\/li>\n<li data-start=\"6357\" data-end=\"6403\">Suitable for installation near working areas<\/li>\n<\/ul>\n<h2 data-start=\"6410\" data-end=\"6483\"><strong data-start=\"6413\" data-end=\"6483\">Key Advantages of the Gardner Denver IQ Series Screw Blower<\/strong><\/h2>\n<ul>\n<li data-start=\"6486\" data-end=\"6512\"><strong data-start=\"6486\" data-end=\"6510\">Oil-free, clean air<\/strong><\/li>\n<li data-start=\"6515\" data-end=\"6567\"><strong data-start=\"6515\" data-end=\"6545\">Energy savings of 20\u201335%<\/strong> compared to Roots blower<\/li>\n<li data-start=\"6570\" data-end=\"6609\"><strong data-start=\"6570\" data-end=\"6607\">The airflow is stable and pulsating.<\/strong><\/li>\n<li data-start=\"6612\" data-end=\"6640\"><strong data-start=\"6612\" data-end=\"6638\">Operates continuously 24\/7<\/strong><\/li>\n<li data-start=\"6643\" data-end=\"6670\"><strong data-start=\"6643\" data-end=\"6668\">Low noise, low vibration<\/strong><\/li>\n<li data-start=\"6673\" data-end=\"6702\"><strong data-start=\"6673\" data-end=\"6700\">Easy to install \u2013 easy to maintain<\/strong><\/li>\n<li data-start=\"6705\" data-end=\"6744\"><strong data-start=\"6705\" data-end=\"6744\">Long lifespan, low operating costs.<\/strong><\/li>\n<\/ul>\n<h2 data-start=\"6751\" data-end=\"6791\"><strong data-start=\"6754\" data-end=\"6791\">Practical Application \u2013 Experience (E)<\/strong><\/h2>\n<p data-start=\"6792\" data-end=\"6868\">Gardner Denver IQ Series screw blowers are widely used in:<\/p>\n<ul>\n<li data-start=\"6871\" data-end=\"6912\"><strong data-start=\"6871\" data-end=\"6890\">Wastewater treatment<\/strong>: aerotank, SBR, MBR<\/li>\n<li data-start=\"6915\" data-end=\"6937\"><strong data-start=\"6915\" data-end=\"6935\">Environmental sector<\/strong><\/li>\n<li data-start=\"6940\" data-end=\"6965\"><strong data-start=\"6940\" data-end=\"6963\">Aquaculture<\/strong><\/li>\n<li data-start=\"6968\" data-end=\"7003\"><strong data-start=\"6968\" data-end=\"7001\">Cement, steel, and chemical industries<\/strong><\/li>\n<li data-start=\"7006\" data-end=\"7045\"><strong data-start=\"7006\" data-end=\"7045\">Trends in central blower systems in factories<\/strong><\/li>\n<\/ul>\n<p data-start=\"7047\" data-end=\"7199\">According to the operations engineer's assessment, the IQ Series helps <strong data-start=\"7095\" data-end=\"7124\">significantly reduce electricity costs.<\/strong>, the system operates more stably and experiences fewer problems compared to traditional rooted devices.<\/p>\n<h2 data-start=\"7206\" data-end=\"7281\"><strong data-start=\"7209\" data-end=\"7281\">Why choose Gardner Denver IQ Series air blowers at Phuc Hung?<\/strong><\/h2>\n<ul data-start=\"7282\" data-end=\"7527\">\n<li data-start=\"7282\" data-end=\"7362\">\n<p data-start=\"7284\" data-end=\"7362\">Practical experience in <strong data-start=\"7310\" data-end=\"7360\">implementing an aeration and wastewater treatment system.<\/strong><\/p>\n<\/li>\n<li data-start=\"7363\" data-end=\"7420\">\n<p data-start=\"7365\" data-end=\"7420\">Providing advice on the right flow rate, the right pressure, and the right technology.<\/p>\n<\/li>\n<li data-start=\"7421\" data-end=\"7482\">\n<p data-start=\"7423\" data-end=\"7482\">Product supply <strong data-start=\"7441\" data-end=\"7480\">genuine Gardner Denver IQ Series<\/strong><\/p>\n<\/li>\n<li data-start=\"7483\" data-end=\"7527\">\n<p data-start=\"7485\" data-end=\"7527\">Clear after-sales service and technical support.<\/p>\n<\/li>\n<\/ul>\n<p data-start=\"7572\" data-end=\"7852\" data-is-last-node=\"\" data-is-only-node=\"\">Are you looking for <a href=\"https:\/\/phuchungvn.com.vn\/en\/may-thoi-khi-truc-vit-gardner-denver-iq-series\/\"><strong data-start=\"7585\" data-end=\"7635\">Gardner Denver IQ Series screw blowers are optimally designed to be<\/strong><\/a> to replace the Roots blower, reduce electricity costs, and improve system efficiency?<br data-start=\"7710\" data-end=\"7713\" \/>\ud83d\udc49 <strong data-start=\"7716\" data-end=\"7742\">Contact <a href=\"https:\/\/phuchungvn.com.vn\/en\/\">carried out maintenance and oil sludge (varnish) removal for<\/a><\/strong> for expert technical advice, to choose the right model, and to receive the most competitive quote for your project.<\/p>","protected":false},"excerpt":{"rendered":"<table style=\"width: 100.684%; height: 292px;\">\n<tbody>\n<tr style=\"height: 21px;\">\n<th style=\"width: 54.4996%; height: 21px; text-align: left;\">Specifications<\/th>\n<th style=\"width: 1606.93%; height: 21px; text-align: left;\">Detail<\/th>\n<\/tr>\n<tr style=\"height: 21px;\">\n<td style=\"width: 54.4996%; height: 21px;\"><span style=\"color: #000000;\">Brand<\/span><\/td>\n<td style=\"width: 1606.93%; height: 21px;\">Gardner Denver \u2013 Germany<\/td>\n<\/tr>\n<tr style=\"height: 21px;\">\n<td style=\"width: 54.4996%; height: 21px;\"><span style=\"color: #000000;\">Origin<\/span><\/td>\n<td style=\"width: 1606.93%; height: 21px;\">Federal Republic of Germany<\/td>\n<\/tr>\n<tr style=\"height: 21px;\">\n<td style=\"width: 54.4996%; height: 21px;\">Capacity<\/td>\n<td style=\"width: 1606.93%; height: 21px;\">15-350 Kw<\/td>\n<\/tr>\n<tr style=\"height: 21px;\">\n<td style=\"width: 54.4996%; height: 21px;\"><span style=\"color: #000000;\">Blowing pressure<\/span><\/td>\n<td style=\"width: 1606.93%; height: 21px;\">1 &#8211; 2.4 bar<\/td>\n<\/tr>\n<tr style=\"height: 21px;\">\n<td style=\"width: 54.4996%; height: 21px;\"><span style=\"color: #000000;\">Flow<\/span><\/td>\n<td style=\"width: 1606.93%; height: 21px;\"><span style=\"color: #000000;\">1200 &#8211; 10200 m\u00b3\/h<\/span><\/td>\n<\/tr>\n<tr style=\"height: 21px;\">\n<td style=\"width: 54.4996%; height: 21px;\"><span style=\"color: #000000;\">Product type<\/span><\/td>\n<td style=\"width: 1606.93%; height: 21px;\">Air blower<\/td>\n<\/tr>\n<tr style=\"height: 21px;\">\n<td style=\"width: 54.4996%; height: 21px;\"><span style=\"color: #000000;\">Lubrication type<\/span><\/td>\n<td style=\"width: 1606.93%; height: 21px;\">No oil<\/td>\n<\/tr>\n<\/tbody>\n<\/table>","protected":false},"featured_media":6846,"template":"","meta":[],"product_cat":[313],"product_tag":[367,446,447,448],"class_list":{"0":"post-6804","1":"product","2":"type-product","3":"status-publish","4":"has-post-thumbnail","6":"product_cat-may-thoi-khi-va-bom-chan-khong","7":"product_tag-may-thoi-khi","8":"product_tag-may-thoi-khi-cong-suat-lon","9":"product_tag-may-thoi-khi-gardner-denver","10":"product_tag-may-thoi-khi-truc-vit-khong-dau","12":"first","13":"instock","14":"shipping-taxable","15":"product-type-simple"},"_links":{"self":[{"href":"https:\/\/phuchungvn.com.vn\/en\/wp-json\/wp\/v2\/product\/6804","targetHints":{"allow":["GET"]}}],"collection":[{"href":"https:\/\/phuchungvn.com.vn\/en\/wp-json\/wp\/v2\/product"}],"about":[{"href":"https:\/\/phuchungvn.com.vn\/en\/wp-json\/wp\/v2\/types\/product"}],"wp:featuredmedia":[{"embeddable":true,"href":"https:\/\/phuchungvn.com.vn\/en\/wp-json\/wp\/v2\/media\/6846"}],"wp:attachment":[{"href":"https:\/\/phuchungvn.com.vn\/en\/wp-json\/wp\/v2\/media?parent=6804"}],"wp:term":[{"taxonomy":"product_cat","embeddable":true,"href":"https:\/\/phuchungvn.com.vn\/en\/wp-json\/wp\/v2\/product_cat?post=6804"},{"taxonomy":"product_tag","embeddable":true,"href":"https:\/\/phuchungvn.com.vn\/en\/wp-json\/wp\/v2\/product_tag?post=6804"}],"curies":[{"name":"wp","href":"https:\/\/api.w.org\/{rel}","templated":true}]}}